{"id":7013,"date":"2025-11-19T09:36:12","date_gmt":"2025-11-19T12:36:12","guid":{"rendered":"https:\/\/draward.com.br\/?post_type=product&#038;p=7013"},"modified":"2025-11-19T09:42:45","modified_gmt":"2025-11-19T12:42:45","slug":"propolis-com-vitamina-c","status":"publish","type":"product","link":"https:\/\/draward.com.br\/index.php\/product\/propolis-com-vitamina-c\/","title":{"rendered":"Pr\u00f3polis com Vitamina C"},"content":{"rendered":"<p class=\"p1\"><span class=\"s2\">Suplemento alimentar em gomas mastig\u00e1veis sabor framboesa, formulado com <\/span><span class=\"s1\">extrato de pr\u00f3polis padronizado (11%)<\/span><span class=\"s2\"> e <\/span><span class=\"s1\">vitamina C<\/span><span class=\"s2\">, que auxiliam na <\/span><span class=\"s1\">imunidade<\/span><span class=\"s2\"> e <\/span><span class=\"s1\">prote\u00e7\u00e3o do organismo<\/span><span class=\"s2\"> contra agentes externos.<\/span><\/p>\n<p class=\"p1\"><span class=\"s2\">Desenvolvido com tecnologia que preserva o sabor natural e a qualidade dos compostos bioativos do pr\u00f3polis.<\/span><\/p>\n<p>Ingredientes<\/p>\n<p class=\"p1\"><span class=\"s2\">A\u00e7\u00facar, xarope de glicose, extrato de pr\u00f3polis (11%), \u00e1cido asc\u00f3rbico (vitamina C), aroma id\u00eantico ao natural de framboesa, corante natural e agente de brilho.<\/span><\/p>\n<p class=\"p1\"><span class=\"s1\">Alerg\u00eanicos:<\/span><span class=\"s2\"> n\u00e3o cont\u00e9m gl\u00faten.<\/span><\/p>\n<p>Informa\u00e7\u00e3o Nutricional (por\u00e7\u00e3o de 4 g \u2013 2 gomas)<\/p>\n<p class=\"p3\"><span class=\"s2\"> \u2022 Valor energ\u00e9tico: <\/span><span class=\"s1\">13 kcal = 54 kJ<\/span><\/p>\n<p class=\"p3\"><span class=\"s2\"> \u2022 Carboidratos: <\/span><span class=\"s1\">3,3 g<\/span><\/p>\n<p class=\"p3\"><span class=\"s2\"> \u2022 Extrato de pr\u00f3polis: <\/span><span class=\"s1\">100 mg<\/span><\/p>\n<p class=\"p3\"><span class=\"s2\"> \u2022 Vitamina C: <\/span><span class=\"s1\">45 mg (100% da IDR)<\/span><\/p>\n<p>Modo de Uso<\/p>\n<p class=\"p1\"><span class=\"s2\">Consumir <\/span><span class=\"s1\">2 gomas ao dia<\/span><span class=\"s2\"> ou conforme recomenda\u00e7\u00e3o de profissional de sa\u00fade.<\/span><\/p>\n<p class=\"p1\"><span class=\"s1\">Apresenta\u00e7\u00e3o<\/span><\/p>\n<p class=\"p1\"><span class=\"s2\">Frasco com <\/span><span class=\"s1\">60 gomas mastig\u00e1veis<\/span><span class=\"s2\"> (30 por\u00e7\u00f5es de 2 gomas).<\/span><\/p>\n<p class=\"p1\"><span class=\"s2\">Sabor: <\/span><span class=\"s1\">Framboesa<\/span><span class=\"s2\">.<\/span><\/p>\n<p class=\"p1\">Advert\u00eancias e Precau\u00e7\u00f5es<\/p>\n<p class=\"p3\"><span class=\"s2\"> \u2022 Este produto \u00e9 um <\/span><span class=\"s1\">suplemento alimentar<\/span><span class=\"s2\">, <\/span><span class=\"s1\">n\u00e3o \u00e9 um medicamento<\/span><span class=\"s2\">.<\/span><\/p>\n<p class=\"p3\"><span class=\"s2\"> \u2022 <\/span><span class=\"s1\">N\u00e3o exceder a recomenda\u00e7\u00e3o di\u00e1ria de consumo indicada.<\/span><\/p>\n<p class=\"p3\"><span class=\"s2\"> \u2022 <\/span><span class=\"s1\">Gestantes, nutrizes e crian\u00e7as at\u00e9 3 anos somente devem consumir este produto sob orienta\u00e7\u00e3o de nutricionista ou m\u00e9dico.<\/span><\/p>\n<p class=\"p3\"><span class=\"s2\"> \u2022 <\/span><span class=\"s1\">Manter fora do alcance de crian\u00e7as.<\/span><\/p>\n<p class=\"p3\"><span class=\"s2\"> \u2022 <\/span><span class=\"s1\">Produto dispensado de registro<\/span><span class=\"s2\"> conforme <\/span><span class=\"s1\">RDC n\u00ba 240\/2018 \u2013 ANVISA.<\/span><\/p>\n<p class=\"p1\"><span class=\"s1\">Benef\u00edcios<\/span><\/p>\n<p class=\"p3\"><span class=\"s2\"> \u2022 Auxilia no <\/span><span class=\"s1\">funcionamento do sistema imunol\u00f3gico<\/span><span class=\"s2\">\u00a0<\/span><\/p>\n<p class=\"p3\"><span class=\"s2\"> \u2022 Contribui para a <\/span><span class=\"s1\">prote\u00e7\u00e3o das c\u00e9lulas contra os radicais livres<\/span><\/p>\n<p class=\"p3\"><span class=\"s2\"> \u2022 Apoia a <\/span><span class=\"s1\">s\u00edntese de col\u00e1geno<\/span><span class=\"s2\">, essencial para pele e tecidos<\/span><\/p>\n<p class=\"p3\"><span class=\"s2\"> \u2022 A\u00e7\u00e3o <\/span><span class=\"s1\">antioxidante e antimicrobiana natural<\/span><span class=\"s2\"> do pr\u00f3polis<\/span><\/p>\n<p class=\"p3\"><span class=\"s2\"> \u2022 Praticidade e sabor em gomas mastig\u00e1veis<\/span><\/p>\n<p class=\"p1\"><span class=\"s1\">Registro e Regulariza\u00e7\u00e3o<\/span><\/p>\n<p class=\"p1\"><span class=\"s2\">Produto regularizado junto \u00e0 <\/span><span class=\"s1\">ANVISA<\/span><span class=\"s2\"> como <\/span><span class=\"s1\">Suplemento Alimentar de Vitaminas e Minerais<\/span><span class=\"s2\">.<\/span><\/p>\n<p class=\"p1\"><span class=\"s1\">Registro:<\/span><span class=\"s2\"> Isento de registro conforme <\/span><span class=\"s1\">RDC n\u00ba 240\/2018 \u2013 ANVISA.<\/span><\/p>\n<p class=\"p1\"><span class=\"s1\">Origem do Produto<\/span><\/p>\n<p class=\"p3\"><span class=\"s2\"> \u2022 <\/span><span class=\"s1\">Fabricado por:<\/span><span class=\"s2\"> [Nome do fabricante parceiro na China ou Brasil \u2013 inserir conforme documenta\u00e7\u00e3o t\u00e9cnica]<\/span><\/p>\n<p class=\"p3\"><span class=\"s2\"> \u2022 <\/span><span class=\"s1\">Comercializado por:<\/span><\/p>\n<p class=\"p1\"><span class=\"s1\">Dra. Ward \u2013 Com\u00e9rcio de Suplementos Ltda.<\/span><\/p>\n<p class=\"p1\"><span class=\"s1\">Validade e Armazenamento<\/span><\/p>\n<p class=\"p3\"><span class=\"s2\"> \u2022 <\/span><span class=\"s1\">Validade:<\/span><span class=\"s2\"> 24 meses a partir da data de fabrica\u00e7\u00e3o<\/span><\/p>\n<p class=\"p3\"><span class=\"s2\"> \u2022 <\/span><span class=\"s1\">Lote:<\/span><span class=\"s2\"> impresso na embalagem<\/span><\/p>\n<p class=\"p3\"><span class=\"s2\"> \u2022 <\/span><span class=\"s1\">Conservar em local fresco, seco e ao abrigo da luz solar.<\/span><\/p>\n<p class=\"p3\"><span class=\"s2\"> \u2022 <\/span><span class=\"s1\">Ap\u00f3s aberto, consumir em at\u00e9 60 dias.<\/span><\/p>\n<p>&nbsp;<\/p>\n<p class=\"p1\"><span class=\"s1\">Garantias e Pol\u00edtica de Troca<\/span><\/p>\n<p class=\"p1\"><span class=\"s1\">Garantias:<\/span><\/p>\n<p class=\"p3\"><span class=\"s2\"> \u2022 Produzido conforme <\/span><span class=\"s1\">Boas Pr\u00e1ticas de Fabrica\u00e7\u00e3o (BPF)<\/span><span class=\"s2\">.<\/span><\/p>\n<p class=\"p3\"><span class=\"s2\"> \u2022 Ingredientes de <\/span><span class=\"s1\">alta qualidade e proced\u00eancia garantida<\/span><span class=\"s2\">.<\/span><\/p>\n<p class=\"p3\"><span class=\"s2\"> \u2022 Embalagem <\/span><span class=\"s1\">lacrada, segura e com validade garantida<\/span><span class=\"s2\">.<\/span><\/p>\n<p class=\"p1\"><span class=\"s1\">Trocas e Devolu\u00e7\u00f5es:<\/span><\/p>\n<p class=\"p3\"><span class=\"s2\"> \u2022 Solicita\u00e7\u00e3o em at\u00e9 <\/span><span class=\"s1\">7 dias \u00fateis ap\u00f3s o recebimento<\/span><span class=\"s2\">.<\/span><\/p>\n<p class=\"p3\"><span class=\"s2\"> \u2022 Aceitamos trocas em caso de <\/span><span class=\"s1\">defeito de fabrica\u00e7\u00e3o<\/span><span class=\"s2\">, <\/span><span class=\"s1\">viola\u00e7\u00e3o de lacre<\/span><span class=\"s2\"> ou <\/span><span class=\"s1\">dano no transporte<\/span><span class=\"s2\">.<\/span><\/p>\n<p class=\"p3\"><span class=\"s2\"> \u2022 Produtos abertos ou fora do prazo n\u00e3o ser\u00e3o aceitos, exceto em caso de defeito comprovado.<\/span><\/p>\n<p class=\"p1\"><span class=\"s1\">Procedimento:<\/span><\/p>\n<p class=\"p3\"><span class=\"s2\"> \u2022 Enviar e-mail para o SAC com n\u00famero do pedido, fotos e descri\u00e7\u00e3o do problema.<\/span><\/p>\n<p class=\"p3\"><span class=\"s2\"> \u2022 Ap\u00f3s an\u00e1lise, a troca ou reembolso ser\u00e1 processado.<\/span><\/p>\n<p class=\"p1\"><span class=\"s1\">Reembolsos:<\/span><\/p>\n<p class=\"p3\"><span class=\"s2\"> \u2022 Realizados na mesma forma de pagamento ap\u00f3s aprova\u00e7\u00e3o da devolu\u00e7\u00e3o.<\/span><\/p>\n<p class=\"p1\"><span class=\"s1\">Informa\u00e7\u00f5es de Contato<\/span><\/p>\n<p class=\"p1\"><span class=\"s2\">\ud83d\udce9 <\/span><span class=\"s1\">E-mail:<\/span><span class=\"s2\"> contato@draward.com.br<\/span><\/p>\n<p class=\"p1\"><span class=\"s2\">\ud83d\udccd <\/span><span class=\"s1\">SAC Dra. Ward<\/span><\/p>\n<p class=\"p1\"><span class=\"s1\">Certifica\u00e7\u00f5es e Selos<\/span><\/p>\n<p class=\"p3\"><span class=\"s2\"> \u2022 Boas Pr\u00e1ticas de Fabrica\u00e7\u00e3o (BPF)<\/span><\/p>\n<p class=\"p3\"><span class=\"s2\"> \u2022 Regularizado conforme normas da ANVISA<\/span><\/p>\n<p class=\"p3\"><span class=\"s2\"> \u2022 Livre de testes em animais \ud83d\udc30<\/span><\/p>\n<p class=\"p1\"><span class=\"s1\">Aviso Legal<\/span><\/p>\n<p class=\"p1\"><span class=\"s2\">Este produto \u00e9 um <\/span><span class=\"s1\">suplemento alimentar<\/span><span class=\"s2\"> e <\/span><span class=\"s1\">n\u00e3o deve ser utilizado como substituto de uma alimenta\u00e7\u00e3o equilibrada<\/span><span class=\"s2\">.<\/span><\/p>\n<p class=\"p1\"><span class=\"s1\">Consulte um profissional de sa\u00fade<\/span><span class=\"s2\"> antes de iniciar o uso.<\/span><\/p>\n<p class=\"p1\"><span class=\"s1\">N\u00e3o indicado para gestantes, lactantes ou crian\u00e7as sem orienta\u00e7\u00e3o m\u00e9dica.<\/span><\/p>\n","protected":false},"excerpt":{"rendered":"<p class=\"p1\"><span class=\"s1\">Imunidade que trabalha por voc\u00ea!<\/span><\/p>\n<p class=\"p1\"><span class=\"s2\">Nosso Pr\u00f3polis + Vitamina C combina bioativos potentes que refor\u00e7am suas defesas, elevam a vitalidade e mant\u00eam seu corpo blindado todos os dias. \u00c9 cuidado inteligente, \u00e9 Dra. Ward.<\/span><\/p>\n","protected":false},"featured_media":7014,"comment_status":"open","ping_status":"closed","template":"","meta":{"inline_featured_image":false},"product_brand":[],"product_cat":[265],"product_tag":[],"class_list":{"0":"post-7013","1":"product","2":"type-product","3":"status-publish","4":"has-post-thumbnail","6":"product_cat-propolis-com-vitamina-c","8":"first","9":"instock","10":"shipping-taxable","11":"purchasable","12":"product-type-simple"},"yoast_head":"<!-- This site is optimized with the Yoast SEO plugin v27.4 - https:\/\/yoast.com\/product\/yoast-seo-wordpress\/ -->\n<title>Pr\u00f3polis com Vitamina C - Dra. Ward Suplementa\u00e7\u00e3o Nutricional<\/title>\n<meta name=\"robots\" content=\"index, follow, max-snippet:-1, max-image-preview:large, max-video-preview:-1\" \/>\n<link rel=\"canonical\" href=\"https:\/\/draward.com.br\/index.php\/product\/propolis-com-vitamina-c\/\" \/>\n<meta property=\"og:locale\" content=\"pt_BR\" \/>\n<meta property=\"og:type\" content=\"article\" \/>\n<meta property=\"og:title\" content=\"Pr\u00f3polis com Vitamina C - Dra. Ward Suplementa\u00e7\u00e3o Nutricional\" \/>\n<meta property=\"og:description\" content=\"Imunidade que trabalha por voc\u00ea! Nosso Pr\u00f3polis + Vitamina C combina bioativos potentes que refor\u00e7am suas defesas, elevam a vitalidade e mant\u00eam seu corpo blindado todos os dias. \u00c9 cuidado inteligente, \u00e9 Dra. Ward.\" \/>\n<meta property=\"og:url\" content=\"https:\/\/draward.com.br\/index.php\/product\/propolis-com-vitamina-c\/\" \/>\n<meta property=\"og:site_name\" content=\"Dra. Ward Suplementa\u00e7\u00e3o Nutricional\" \/>\n<meta property=\"article:modified_time\" content=\"2025-11-19T12:42:45+00:00\" \/>\n<meta property=\"og:image\" content=\"https:\/\/draward.com.br\/wp-content\/uploads\/2025\/11\/Untitled-design.png\" \/>\n\t<meta property=\"og:image:width\" content=\"1000\" \/>\n\t<meta property=\"og:image:height\" content=\"1250\" \/>\n\t<meta property=\"og:image:type\" content=\"image\/png\" \/>\n<meta name=\"twitter:card\" content=\"summary_large_image\" \/>\n<meta name=\"twitter:label1\" content=\"Est. tempo de leitura\" \/>\n\t<meta name=\"twitter:data1\" content=\"4 minutos\" \/>\n<script type=\"application\/ld+json\" class=\"yoast-schema-graph\">{\"@context\":\"https:\\\/\\\/schema.org\",\"@graph\":[{\"@type\":\"WebPage\",\"@id\":\"https:\\\/\\\/draward.com.br\\\/index.php\\\/product\\\/propolis-com-vitamina-c\\\/\",\"url\":\"https:\\\/\\\/draward.com.br\\\/index.php\\\/product\\\/propolis-com-vitamina-c\\\/\",\"name\":\"Pr\u00f3polis com Vitamina C - Dra. Ward Suplementa\u00e7\u00e3o Nutricional\",\"isPartOf\":{\"@id\":\"https:\\\/\\\/draward.com.br\\\/#website\"},\"primaryImageOfPage\":{\"@id\":\"https:\\\/\\\/draward.com.br\\\/index.php\\\/product\\\/propolis-com-vitamina-c\\\/#primaryimage\"},\"image\":{\"@id\":\"https:\\\/\\\/draward.com.br\\\/index.php\\\/product\\\/propolis-com-vitamina-c\\\/#primaryimage\"},\"thumbnailUrl\":\"https:\\\/\\\/draward.com.br\\\/wp-content\\\/uploads\\\/2025\\\/11\\\/Untitled-design.png\",\"datePublished\":\"2025-11-19T12:36:12+00:00\",\"dateModified\":\"2025-11-19T12:42:45+00:00\",\"breadcrumb\":{\"@id\":\"https:\\\/\\\/draward.com.br\\\/index.php\\\/product\\\/propolis-com-vitamina-c\\\/#breadcrumb\"},\"inLanguage\":\"pt-BR\",\"potentialAction\":[{\"@type\":\"ReadAction\",\"target\":[\"https:\\\/\\\/draward.com.br\\\/index.php\\\/product\\\/propolis-com-vitamina-c\\\/\"]}]},{\"@type\":\"ImageObject\",\"inLanguage\":\"pt-BR\",\"@id\":\"https:\\\/\\\/draward.com.br\\\/index.php\\\/product\\\/propolis-com-vitamina-c\\\/#primaryimage\",\"url\":\"https:\\\/\\\/draward.com.br\\\/wp-content\\\/uploads\\\/2025\\\/11\\\/Untitled-design.png\",\"contentUrl\":\"https:\\\/\\\/draward.com.br\\\/wp-content\\\/uploads\\\/2025\\\/11\\\/Untitled-design.png\",\"width\":1000,\"height\":1250},{\"@type\":\"BreadcrumbList\",\"@id\":\"https:\\\/\\\/draward.com.br\\\/index.php\\\/product\\\/propolis-com-vitamina-c\\\/#breadcrumb\",\"itemListElement\":[{\"@type\":\"ListItem\",\"position\":1,\"name\":\"In\u00edcio\",\"item\":\"https:\\\/\\\/draward.com.br\\\/\"},{\"@type\":\"ListItem\",\"position\":2,\"name\":\"Loja\",\"item\":\"https:\\\/\\\/draward.com.br\\\/index.php\\\/shop\\\/\"},{\"@type\":\"ListItem\",\"position\":3,\"name\":\"Pr\u00f3polis com Vitamina C\"}]},{\"@type\":\"WebSite\",\"@id\":\"https:\\\/\\\/draward.com.br\\\/#website\",\"url\":\"https:\\\/\\\/draward.com.br\\\/\",\"name\":\"Dra. Ward Suplementa\u00e7\u00e3o Nutricional\",\"description\":\"Loja Virtual de suplementos nutricionais\",\"publisher\":{\"@id\":\"https:\\\/\\\/draward.com.br\\\/#organization\"},\"potentialAction\":[{\"@type\":\"SearchAction\",\"target\":{\"@type\":\"EntryPoint\",\"urlTemplate\":\"https:\\\/\\\/draward.com.br\\\/?s={search_term_string}\"},\"query-input\":{\"@type\":\"PropertyValueSpecification\",\"valueRequired\":true,\"valueName\":\"search_term_string\"}}],\"inLanguage\":\"pt-BR\"},{\"@type\":\"Organization\",\"@id\":\"https:\\\/\\\/draward.com.br\\\/#organization\",\"name\":\"Dra. Ward Suplementa\u00e7\u00e3o Nutricional\",\"url\":\"https:\\\/\\\/draward.com.br\\\/\",\"logo\":{\"@type\":\"ImageObject\",\"inLanguage\":\"pt-BR\",\"@id\":\"https:\\\/\\\/draward.com.br\\\/#\\\/schema\\\/logo\\\/image\\\/\",\"url\":\"https:\\\/\\\/draward.com.br\\\/wp-content\\\/uploads\\\/2022\\\/05\\\/logo-dra-ward-512w.png\",\"contentUrl\":\"https:\\\/\\\/draward.com.br\\\/wp-content\\\/uploads\\\/2022\\\/05\\\/logo-dra-ward-512w.png\",\"width\":512,\"height\":133,\"caption\":\"Dra. Ward Suplementa\u00e7\u00e3o Nutricional\"},\"image\":{\"@id\":\"https:\\\/\\\/draward.com.br\\\/#\\\/schema\\\/logo\\\/image\\\/\"},\"sameAs\":[\"https:\\\/\\\/www.instagram.com\\\/dra.wardd\\\/\"]}]}<\/script>\n<!-- \/ Yoast SEO plugin. -->","yoast_head_json":{"title":"Pr\u00f3polis com Vitamina C - Dra. Ward Suplementa\u00e7\u00e3o Nutricional","robots":{"index":"index","follow":"follow","max-snippet":"max-snippet:-1","max-image-preview":"max-image-preview:large","max-video-preview":"max-video-preview:-1"},"canonical":"https:\/\/draward.com.br\/index.php\/product\/propolis-com-vitamina-c\/","og_locale":"pt_BR","og_type":"article","og_title":"Pr\u00f3polis com Vitamina C - Dra. Ward Suplementa\u00e7\u00e3o Nutricional","og_description":"Imunidade que trabalha por voc\u00ea! Nosso Pr\u00f3polis + Vitamina C combina bioativos potentes que refor\u00e7am suas defesas, elevam a vitalidade e mant\u00eam seu corpo blindado todos os dias. \u00c9 cuidado inteligente, \u00e9 Dra. Ward.","og_url":"https:\/\/draward.com.br\/index.php\/product\/propolis-com-vitamina-c\/","og_site_name":"Dra. Ward Suplementa\u00e7\u00e3o Nutricional","article_modified_time":"2025-11-19T12:42:45+00:00","og_image":[{"width":1000,"height":1250,"url":"https:\/\/draward.com.br\/wp-content\/uploads\/2025\/11\/Untitled-design.png","type":"image\/png"}],"twitter_card":"summary_large_image","twitter_misc":{"Est. tempo de leitura":"4 minutos"},"schema":{"@context":"https:\/\/schema.org","@graph":[{"@type":"WebPage","@id":"https:\/\/draward.com.br\/index.php\/product\/propolis-com-vitamina-c\/","url":"https:\/\/draward.com.br\/index.php\/product\/propolis-com-vitamina-c\/","name":"Pr\u00f3polis com Vitamina C - Dra. Ward Suplementa\u00e7\u00e3o Nutricional","isPartOf":{"@id":"https:\/\/draward.com.br\/#website"},"primaryImageOfPage":{"@id":"https:\/\/draward.com.br\/index.php\/product\/propolis-com-vitamina-c\/#primaryimage"},"image":{"@id":"https:\/\/draward.com.br\/index.php\/product\/propolis-com-vitamina-c\/#primaryimage"},"thumbnailUrl":"https:\/\/draward.com.br\/wp-content\/uploads\/2025\/11\/Untitled-design.png","datePublished":"2025-11-19T12:36:12+00:00","dateModified":"2025-11-19T12:42:45+00:00","breadcrumb":{"@id":"https:\/\/draward.com.br\/index.php\/product\/propolis-com-vitamina-c\/#breadcrumb"},"inLanguage":"pt-BR","potentialAction":[{"@type":"ReadAction","target":["https:\/\/draward.com.br\/index.php\/product\/propolis-com-vitamina-c\/"]}]},{"@type":"ImageObject","inLanguage":"pt-BR","@id":"https:\/\/draward.com.br\/index.php\/product\/propolis-com-vitamina-c\/#primaryimage","url":"https:\/\/draward.com.br\/wp-content\/uploads\/2025\/11\/Untitled-design.png","contentUrl":"https:\/\/draward.com.br\/wp-content\/uploads\/2025\/11\/Untitled-design.png","width":1000,"height":1250},{"@type":"BreadcrumbList","@id":"https:\/\/draward.com.br\/index.php\/product\/propolis-com-vitamina-c\/#breadcrumb","itemListElement":[{"@type":"ListItem","position":1,"name":"In\u00edcio","item":"https:\/\/draward.com.br\/"},{"@type":"ListItem","position":2,"name":"Loja","item":"https:\/\/draward.com.br\/index.php\/shop\/"},{"@type":"ListItem","position":3,"name":"Pr\u00f3polis com Vitamina C"}]},{"@type":"WebSite","@id":"https:\/\/draward.com.br\/#website","url":"https:\/\/draward.com.br\/","name":"Dra. Ward Suplementa\u00e7\u00e3o Nutricional","description":"Loja Virtual de suplementos nutricionais","publisher":{"@id":"https:\/\/draward.com.br\/#organization"},"potentialAction":[{"@type":"SearchAction","target":{"@type":"EntryPoint","urlTemplate":"https:\/\/draward.com.br\/?s={search_term_string}"},"query-input":{"@type":"PropertyValueSpecification","valueRequired":true,"valueName":"search_term_string"}}],"inLanguage":"pt-BR"},{"@type":"Organization","@id":"https:\/\/draward.com.br\/#organization","name":"Dra. Ward Suplementa\u00e7\u00e3o Nutricional","url":"https:\/\/draward.com.br\/","logo":{"@type":"ImageObject","inLanguage":"pt-BR","@id":"https:\/\/draward.com.br\/#\/schema\/logo\/image\/","url":"https:\/\/draward.com.br\/wp-content\/uploads\/2022\/05\/logo-dra-ward-512w.png","contentUrl":"https:\/\/draward.com.br\/wp-content\/uploads\/2022\/05\/logo-dra-ward-512w.png","width":512,"height":133,"caption":"Dra. Ward Suplementa\u00e7\u00e3o Nutricional"},"image":{"@id":"https:\/\/draward.com.br\/#\/schema\/logo\/image\/"},"sameAs":["https:\/\/www.instagram.com\/dra.wardd\/"]}]}},"_links":{"self":[{"href":"https:\/\/draward.com.br\/index.php\/wp-json\/wp\/v2\/product\/7013","targetHints":{"allow":["GET"]}}],"collection":[{"href":"https:\/\/draward.com.br\/index.php\/wp-json\/wp\/v2\/product"}],"about":[{"href":"https:\/\/draward.com.br\/index.php\/wp-json\/wp\/v2\/types\/product"}],"replies":[{"embeddable":true,"href":"https:\/\/draward.com.br\/index.php\/wp-json\/wp\/v2\/comments?post=7013"}],"wp:featuredmedia":[{"embeddable":true,"href":"https:\/\/draward.com.br\/index.php\/wp-json\/wp\/v2\/media\/7014"}],"wp:attachment":[{"href":"https:\/\/draward.com.br\/index.php\/wp-json\/wp\/v2\/media?parent=7013"}],"wp:term":[{"taxonomy":"product_brand","embeddable":true,"href":"https:\/\/draward.com.br\/index.php\/wp-json\/wp\/v2\/product_brand?post=7013"},{"taxonomy":"product_cat","embeddable":true,"href":"https:\/\/draward.com.br\/index.php\/wp-json\/wp\/v2\/product_cat?post=7013"},{"taxonomy":"product_tag","embeddable":true,"href":"https:\/\/draward.com.br\/index.php\/wp-json\/wp\/v2\/product_tag?post=7013"}],"curies":[{"name":"wp","href":"https:\/\/api.w.org\/{rel}","templated":true}]}}