{"id":6939,"date":"2025-06-25T17:56:44","date_gmt":"2025-06-25T20:56:44","guid":{"rendered":"https:\/\/draward.com.br\/?post_type=product&#038;p=6939"},"modified":"2025-06-25T20:13:00","modified_gmt":"2025-06-25T23:13:00","slug":"receitas-essenciais-comer-bem-viver-melhor","status":"publish","type":"product","link":"https:\/\/draward.com.br\/index.php\/product\/receitas-essenciais-comer-bem-viver-melhor\/","title":{"rendered":"Receitas Essenciais: Comer Bem, Viver Melhor"},"content":{"rendered":"<p>Este eBook \u00e9 o ponto de partida para quem deseja transformar a alimenta\u00e7\u00e3o em um verdadeiro ato de autocuidado. Com receitas pr\u00e1ticas, nutritivas e cheias de sabor, ele foi criado para facilitar o seu dia a dia sem abrir m\u00e3o da sa\u00fade.<\/p>\n<p>Aqui, voc\u00ea encontra desde bebidas revitalizantes at\u00e9 refei\u00e7\u00f5es completas, passando por entradas criativas, molhos vers\u00e1teis, saladas frescas e sobremesas que acolhem a alma sem pesar na consci\u00eancia.<\/p>\n<p>\u00c9 um convite para mudar sua rela\u00e7\u00e3o com a comida e adotar um estilo de vida mais leve, inteligente e prazeroso.<br \/>\nN\u00e3o \u00e9 sobre restri\u00e7\u00f5es, \u00e9 sobre escolhas conscientes.<\/p>\n<p>\u00c9 sobre nutrir o corpo e tamb\u00e9m o bem-estar.<\/p>\n<p>Com o toque especial da Dra. Ward, cada receita \u00e9 pensada para trazer equil\u00edbrio, sabor e praticidade para a sua rotina. Comece hoje essa jornada deliciosa rumo a uma vida mais saud\u00e1vel.<\/p>\n","protected":false},"excerpt":{"rendered":"<p>Este eBook \u00e9 o ponto de partida para quem deseja transformar a alimenta\u00e7\u00e3o em um verdadeiro ato de autocuidado. Com receitas pr\u00e1ticas, nutritivas e cheias de sabor, ele foi criado para facilitar o seu dia a dia sem abrir m\u00e3o da sa\u00fade.<\/p>\n","protected":false},"featured_media":6944,"comment_status":"open","ping_status":"closed","template":"","meta":{"inline_featured_image":false},"product_brand":[],"product_cat":[262],"product_tag":[],"class_list":{"0":"post-6939","1":"product","2":"type-product","3":"status-publish","4":"has-post-thumbnail","6":"product_cat-e-books","8":"first","9":"instock","10":"downloadable","11":"virtual","12":"purchasable","13":"product-type-simple"},"yoast_head":"<!-- This site is optimized with the Yoast SEO plugin v27.4 - https:\/\/yoast.com\/product\/yoast-seo-wordpress\/ -->\n<title>Receitas Essenciais: Comer Bem, Viver Melhor - Dra. Ward Suplementa\u00e7\u00e3o Nutricional<\/title>\n<meta name=\"robots\" content=\"index, follow, max-snippet:-1, max-image-preview:large, max-video-preview:-1\" \/>\n<link rel=\"canonical\" href=\"https:\/\/draward.com.br\/index.php\/product\/receitas-essenciais-comer-bem-viver-melhor\/\" \/>\n<meta property=\"og:locale\" content=\"pt_BR\" \/>\n<meta property=\"og:type\" content=\"article\" \/>\n<meta property=\"og:title\" content=\"Receitas Essenciais: Comer Bem, Viver Melhor - Dra. Ward Suplementa\u00e7\u00e3o Nutricional\" \/>\n<meta property=\"og:description\" content=\"Este eBook \u00e9 o ponto de partida para quem deseja transformar a alimenta\u00e7\u00e3o em um verdadeiro ato de autocuidado. Com receitas pr\u00e1ticas, nutritivas e cheias de sabor, ele foi criado para facilitar o seu dia a dia sem abrir m\u00e3o da sa\u00fade.\" \/>\n<meta property=\"og:url\" content=\"https:\/\/draward.com.br\/index.php\/product\/receitas-essenciais-comer-bem-viver-melhor\/\" \/>\n<meta property=\"og:site_name\" content=\"Dra. Ward Suplementa\u00e7\u00e3o Nutricional\" \/>\n<meta property=\"article:modified_time\" content=\"2025-06-25T23:13:00+00:00\" \/>\n<meta property=\"og:image\" content=\"https:\/\/draward.com.br\/wp-content\/uploads\/2025\/06\/capa-livro-receitas-1.jpg\" \/>\n\t<meta property=\"og:image:width\" content=\"904\" \/>\n\t<meta property=\"og:image:height\" content=\"1279\" \/>\n\t<meta property=\"og:image:type\" content=\"image\/jpeg\" \/>\n<meta name=\"twitter:card\" content=\"summary_large_image\" \/>\n<meta name=\"twitter:label1\" content=\"Est. tempo de leitura\" \/>\n\t<meta name=\"twitter:data1\" content=\"1 minuto\" \/>\n<script type=\"application\/ld+json\" class=\"yoast-schema-graph\">{\"@context\":\"https:\\\/\\\/schema.org\",\"@graph\":[{\"@type\":\"WebPage\",\"@id\":\"https:\\\/\\\/draward.com.br\\\/index.php\\\/product\\\/receitas-essenciais-comer-bem-viver-melhor\\\/\",\"url\":\"https:\\\/\\\/draward.com.br\\\/index.php\\\/product\\\/receitas-essenciais-comer-bem-viver-melhor\\\/\",\"name\":\"Receitas Essenciais: Comer Bem, Viver Melhor - Dra. Ward Suplementa\u00e7\u00e3o Nutricional\",\"isPartOf\":{\"@id\":\"https:\\\/\\\/draward.com.br\\\/#website\"},\"primaryImageOfPage\":{\"@id\":\"https:\\\/\\\/draward.com.br\\\/index.php\\\/product\\\/receitas-essenciais-comer-bem-viver-melhor\\\/#primaryimage\"},\"image\":{\"@id\":\"https:\\\/\\\/draward.com.br\\\/index.php\\\/product\\\/receitas-essenciais-comer-bem-viver-melhor\\\/#primaryimage\"},\"thumbnailUrl\":\"https:\\\/\\\/draward.com.br\\\/wp-content\\\/uploads\\\/2025\\\/06\\\/capa-livro-receitas-1.jpg\",\"datePublished\":\"2025-06-25T20:56:44+00:00\",\"dateModified\":\"2025-06-25T23:13:00+00:00\",\"breadcrumb\":{\"@id\":\"https:\\\/\\\/draward.com.br\\\/index.php\\\/product\\\/receitas-essenciais-comer-bem-viver-melhor\\\/#breadcrumb\"},\"inLanguage\":\"pt-BR\",\"potentialAction\":[{\"@type\":\"ReadAction\",\"target\":[\"https:\\\/\\\/draward.com.br\\\/index.php\\\/product\\\/receitas-essenciais-comer-bem-viver-melhor\\\/\"]}]},{\"@type\":\"ImageObject\",\"inLanguage\":\"pt-BR\",\"@id\":\"https:\\\/\\\/draward.com.br\\\/index.php\\\/product\\\/receitas-essenciais-comer-bem-viver-melhor\\\/#primaryimage\",\"url\":\"https:\\\/\\\/draward.com.br\\\/wp-content\\\/uploads\\\/2025\\\/06\\\/capa-livro-receitas-1.jpg\",\"contentUrl\":\"https:\\\/\\\/draward.com.br\\\/wp-content\\\/uploads\\\/2025\\\/06\\\/capa-livro-receitas-1.jpg\",\"width\":904,\"height\":1279},{\"@type\":\"BreadcrumbList\",\"@id\":\"https:\\\/\\\/draward.com.br\\\/index.php\\\/product\\\/receitas-essenciais-comer-bem-viver-melhor\\\/#breadcrumb\",\"itemListElement\":[{\"@type\":\"ListItem\",\"position\":1,\"name\":\"In\u00edcio\",\"item\":\"https:\\\/\\\/draward.com.br\\\/\"},{\"@type\":\"ListItem\",\"position\":2,\"name\":\"Loja\",\"item\":\"https:\\\/\\\/draward.com.br\\\/index.php\\\/shop\\\/\"},{\"@type\":\"ListItem\",\"position\":3,\"name\":\"Receitas Essenciais: Comer Bem, Viver Melhor\"}]},{\"@type\":\"WebSite\",\"@id\":\"https:\\\/\\\/draward.com.br\\\/#website\",\"url\":\"https:\\\/\\\/draward.com.br\\\/\",\"name\":\"Dra. Ward Suplementa\u00e7\u00e3o Nutricional\",\"description\":\"Loja Virtual de suplementos nutricionais\",\"publisher\":{\"@id\":\"https:\\\/\\\/draward.com.br\\\/#organization\"},\"potentialAction\":[{\"@type\":\"SearchAction\",\"target\":{\"@type\":\"EntryPoint\",\"urlTemplate\":\"https:\\\/\\\/draward.com.br\\\/?s={search_term_string}\"},\"query-input\":{\"@type\":\"PropertyValueSpecification\",\"valueRequired\":true,\"valueName\":\"search_term_string\"}}],\"inLanguage\":\"pt-BR\"},{\"@type\":\"Organization\",\"@id\":\"https:\\\/\\\/draward.com.br\\\/#organization\",\"name\":\"Dra. Ward Suplementa\u00e7\u00e3o Nutricional\",\"url\":\"https:\\\/\\\/draward.com.br\\\/\",\"logo\":{\"@type\":\"ImageObject\",\"inLanguage\":\"pt-BR\",\"@id\":\"https:\\\/\\\/draward.com.br\\\/#\\\/schema\\\/logo\\\/image\\\/\",\"url\":\"https:\\\/\\\/draward.com.br\\\/wp-content\\\/uploads\\\/2022\\\/05\\\/logo-dra-ward-512w.png\",\"contentUrl\":\"https:\\\/\\\/draward.com.br\\\/wp-content\\\/uploads\\\/2022\\\/05\\\/logo-dra-ward-512w.png\",\"width\":512,\"height\":133,\"caption\":\"Dra. Ward Suplementa\u00e7\u00e3o Nutricional\"},\"image\":{\"@id\":\"https:\\\/\\\/draward.com.br\\\/#\\\/schema\\\/logo\\\/image\\\/\"},\"sameAs\":[\"https:\\\/\\\/www.instagram.com\\\/dra.wardd\\\/\"]}]}<\/script>\n<!-- \/ Yoast SEO plugin. -->","yoast_head_json":{"title":"Receitas Essenciais: Comer Bem, Viver Melhor - Dra. Ward Suplementa\u00e7\u00e3o Nutricional","robots":{"index":"index","follow":"follow","max-snippet":"max-snippet:-1","max-image-preview":"max-image-preview:large","max-video-preview":"max-video-preview:-1"},"canonical":"https:\/\/draward.com.br\/index.php\/product\/receitas-essenciais-comer-bem-viver-melhor\/","og_locale":"pt_BR","og_type":"article","og_title":"Receitas Essenciais: Comer Bem, Viver Melhor - Dra. Ward Suplementa\u00e7\u00e3o Nutricional","og_description":"Este eBook \u00e9 o ponto de partida para quem deseja transformar a alimenta\u00e7\u00e3o em um verdadeiro ato de autocuidado. Com receitas pr\u00e1ticas, nutritivas e cheias de sabor, ele foi criado para facilitar o seu dia a dia sem abrir m\u00e3o da sa\u00fade.","og_url":"https:\/\/draward.com.br\/index.php\/product\/receitas-essenciais-comer-bem-viver-melhor\/","og_site_name":"Dra. Ward Suplementa\u00e7\u00e3o Nutricional","article_modified_time":"2025-06-25T23:13:00+00:00","og_image":[{"width":904,"height":1279,"url":"https:\/\/draward.com.br\/wp-content\/uploads\/2025\/06\/capa-livro-receitas-1.jpg","type":"image\/jpeg"}],"twitter_card":"summary_large_image","twitter_misc":{"Est. tempo de leitura":"1 minuto"},"schema":{"@context":"https:\/\/schema.org","@graph":[{"@type":"WebPage","@id":"https:\/\/draward.com.br\/index.php\/product\/receitas-essenciais-comer-bem-viver-melhor\/","url":"https:\/\/draward.com.br\/index.php\/product\/receitas-essenciais-comer-bem-viver-melhor\/","name":"Receitas Essenciais: Comer Bem, Viver Melhor - Dra. Ward Suplementa\u00e7\u00e3o Nutricional","isPartOf":{"@id":"https:\/\/draward.com.br\/#website"},"primaryImageOfPage":{"@id":"https:\/\/draward.com.br\/index.php\/product\/receitas-essenciais-comer-bem-viver-melhor\/#primaryimage"},"image":{"@id":"https:\/\/draward.com.br\/index.php\/product\/receitas-essenciais-comer-bem-viver-melhor\/#primaryimage"},"thumbnailUrl":"https:\/\/draward.com.br\/wp-content\/uploads\/2025\/06\/capa-livro-receitas-1.jpg","datePublished":"2025-06-25T20:56:44+00:00","dateModified":"2025-06-25T23:13:00+00:00","breadcrumb":{"@id":"https:\/\/draward.com.br\/index.php\/product\/receitas-essenciais-comer-bem-viver-melhor\/#breadcrumb"},"inLanguage":"pt-BR","potentialAction":[{"@type":"ReadAction","target":["https:\/\/draward.com.br\/index.php\/product\/receitas-essenciais-comer-bem-viver-melhor\/"]}]},{"@type":"ImageObject","inLanguage":"pt-BR","@id":"https:\/\/draward.com.br\/index.php\/product\/receitas-essenciais-comer-bem-viver-melhor\/#primaryimage","url":"https:\/\/draward.com.br\/wp-content\/uploads\/2025\/06\/capa-livro-receitas-1.jpg","contentUrl":"https:\/\/draward.com.br\/wp-content\/uploads\/2025\/06\/capa-livro-receitas-1.jpg","width":904,"height":1279},{"@type":"BreadcrumbList","@id":"https:\/\/draward.com.br\/index.php\/product\/receitas-essenciais-comer-bem-viver-melhor\/#breadcrumb","itemListElement":[{"@type":"ListItem","position":1,"name":"In\u00edcio","item":"https:\/\/draward.com.br\/"},{"@type":"ListItem","position":2,"name":"Loja","item":"https:\/\/draward.com.br\/index.php\/shop\/"},{"@type":"ListItem","position":3,"name":"Receitas Essenciais: Comer Bem, Viver Melhor"}]},{"@type":"WebSite","@id":"https:\/\/draward.com.br\/#website","url":"https:\/\/draward.com.br\/","name":"Dra. Ward Suplementa\u00e7\u00e3o Nutricional","description":"Loja Virtual de suplementos nutricionais","publisher":{"@id":"https:\/\/draward.com.br\/#organization"},"potentialAction":[{"@type":"SearchAction","target":{"@type":"EntryPoint","urlTemplate":"https:\/\/draward.com.br\/?s={search_term_string}"},"query-input":{"@type":"PropertyValueSpecification","valueRequired":true,"valueName":"search_term_string"}}],"inLanguage":"pt-BR"},{"@type":"Organization","@id":"https:\/\/draward.com.br\/#organization","name":"Dra. Ward Suplementa\u00e7\u00e3o Nutricional","url":"https:\/\/draward.com.br\/","logo":{"@type":"ImageObject","inLanguage":"pt-BR","@id":"https:\/\/draward.com.br\/#\/schema\/logo\/image\/","url":"https:\/\/draward.com.br\/wp-content\/uploads\/2022\/05\/logo-dra-ward-512w.png","contentUrl":"https:\/\/draward.com.br\/wp-content\/uploads\/2022\/05\/logo-dra-ward-512w.png","width":512,"height":133,"caption":"Dra. Ward Suplementa\u00e7\u00e3o Nutricional"},"image":{"@id":"https:\/\/draward.com.br\/#\/schema\/logo\/image\/"},"sameAs":["https:\/\/www.instagram.com\/dra.wardd\/"]}]}},"_links":{"self":[{"href":"https:\/\/draward.com.br\/index.php\/wp-json\/wp\/v2\/product\/6939","targetHints":{"allow":["GET"]}}],"collection":[{"href":"https:\/\/draward.com.br\/index.php\/wp-json\/wp\/v2\/product"}],"about":[{"href":"https:\/\/draward.com.br\/index.php\/wp-json\/wp\/v2\/types\/product"}],"replies":[{"embeddable":true,"href":"https:\/\/draward.com.br\/index.php\/wp-json\/wp\/v2\/comments?post=6939"}],"wp:featuredmedia":[{"embeddable":true,"href":"https:\/\/draward.com.br\/index.php\/wp-json\/wp\/v2\/media\/6944"}],"wp:attachment":[{"href":"https:\/\/draward.com.br\/index.php\/wp-json\/wp\/v2\/media?parent=6939"}],"wp:term":[{"taxonomy":"product_brand","embeddable":true,"href":"https:\/\/draward.com.br\/index.php\/wp-json\/wp\/v2\/product_brand?post=6939"},{"taxonomy":"product_cat","embeddable":true,"href":"https:\/\/draward.com.br\/index.php\/wp-json\/wp\/v2\/product_cat?post=6939"},{"taxonomy":"product_tag","embeddable":true,"href":"https:\/\/draward.com.br\/index.php\/wp-json\/wp\/v2\/product_tag?post=6939"}],"curies":[{"name":"wp","href":"https:\/\/api.w.org\/{rel}","templated":true}]}}