{"id":4174,"date":"2022-05-09T10:19:00","date_gmt":"2022-05-09T10:19:00","guid":{"rendered":"https:\/\/july.uxper.co\/fashion01\/reset-password-copy\/"},"modified":"2025-01-24T15:50:52","modified_gmt":"2025-01-24T18:50:52","slug":"forgot-password","status":"publish","type":"page","link":"https:\/\/draward.com.br\/index.php\/forgot-password\/","title":{"rendered":"Recuperar senha"},"content":{"rendered":"\t\t<div data-elementor-type=\"wp-page\" data-elementor-id=\"4174\" class=\"elementor elementor-4174\" data-elementor-post-type=\"page\">\n\t\t\t\t\t\t<section class=\"elementor-section elementor-top-section elementor-element elementor-element-cdd4f3f elementor-section-stretched elementor-section-boxed elementor-section-gap-beside-yes elementor-section-height-default elementor-section-height-default elementor-section-content-align-center elementor-section-column-vertical-align-stretch\" data-id=\"cdd4f3f\" data-element_type=\"section\" data-e-type=\"section\" data-settings=\"{&quot;stretch_section&quot;:&quot;section-stretched&quot;}\">\n\t\t\t\t\t\t<div class=\"elementor-container elementor-column-gap-extended\">\n\t\t\t\t\t<div class=\"elementor-column elementor-col-100 elementor-top-column elementor-element elementor-element-bbf3bd1\" data-id=\"bbf3bd1\" data-element_type=\"column\" data-e-type=\"column\">\n\t\t\t<div class=\"elementor-widget-wrap elementor-element-populated\">\n\t\t\t\t\t\t<div class=\"elementor-element elementor-element-1b32846 elementor-widget elementor-widget-heading\" data-id=\"1b32846\" data-element_type=\"widget\" data-e-type=\"widget\" data-widget_type=\"heading.default\">\n\t\t\t\t<div class=\"elementor-widget-container\">\n\t\t\t\t\t<h1 class=\"elementor-heading-title elementor-size-default\">Esqueceu a senha?<\/h1>\t\t\t\t<\/div>\n\t\t\t\t<\/div>\n\t\t\t\t<div class=\"elementor-element elementor-element-e6ba691 elementor-widget elementor-widget-text-editor\" data-id=\"e6ba691\" data-element_type=\"widget\" data-e-type=\"widget\" data-widget_type=\"text-editor.default\">\n\t\t\t\t<div class=\"elementor-widget-container\">\n\t\t\t\t\t\t\t\t\t<p class=\"&quot;excerpt&quot;\">Voc\u00ea j\u00e1 tem uma conta? <a href=\"https:\/\/draward.com.br\/index.php\/sign-in\/\">Fa\u00e7a Login<\/a><\/p>\t\t\t\t\t\t\t\t<\/div>\n\t\t\t\t<\/div>\n\t\t\t\t<div class=\"elementor-element elementor-element-7ce21f9 elementor-widget elementor-widget-shortcode\" data-id=\"7ce21f9\" data-element_type=\"widget\" data-e-type=\"widget\" data-widget_type=\"shortcode.default\">\n\t\t\t\t<div class=\"elementor-widget-container\">\n\t\t\t\t\t\t\t<div class=\"elementor-shortcode\">\t\t\t<form method=\"post\" id=\"forgot-form\" class=\"forgot-form\" enctype=\"multipart\/form-data\">\r\n\t\t\t\t<div class=\"form-group control-username\">\r\n\t\t\t\t\t<input type=\"text\" name=\"user_login\" id=\"user_login\" class=\"form-control control-icon\" placeholder=\"Preencha seu usu\u00e1rio ou e-mail\">\r\n\t\t\t\t\t<input type=\"hidden\" id=\"july_security_forgot_password\" name=\"july_security_forgot_password\" value=\"c7589326d9\" \/><input type=\"hidden\" name=\"_wp_http_referer\" value=\"\/index.php\/wp-json\/wp\/v2\/pages\/4174\" \/>\t\t\t\t\t<input type=\"hidden\" name=\"action\" id=\"reset_password_action\" value=\"july_forgot_password_ajax\">\r\n\t\t\t\t<\/div>\r\n\t\t\t\t<p class=\"msg\">Sending info,please wait...<\/p>\r\n\t\t\t\t<div class=\"form-group\">\r\n\t\t\t\t\t<button type=\"submit\" id=\"july_forgetpass\" class=\"btn gl-button\">Pedir nova senha<\/button>\r\n\t\t\t\t\t<div class=\"loading-effect\"><span class=\"july-dual-ring\"><\/span><\/div>\r\n\t\t\t\t<\/div>\r\n\t\t\t<\/form>\r\n\t\t\t<\/div>\n\t\t\t\t\t\t<\/div>\n\t\t\t\t<\/div>\n\t\t\t\t\t<\/div>\n\t\t<\/div>\n\t\t\t\t\t<\/div>\n\t\t<\/section>\n\t\t\t\t<\/div>\n\t\t","protected":false},"excerpt":{"rendered":"<p>Esqueceu a senha? Voc\u00ea j\u00e1 tem uma conta? Fa\u00e7a Login<\/p>\n","protected":false},"author":1,"featured_media":0,"parent":0,"menu_order":0,"comment_status":"closed","ping_status":"closed","template":"","meta":{"inline_featured_image":false,"footnotes":""},"class_list":["post-4174","page","type-page","status-publish","hentry","post-no-thumbnail"],"yoast_head":"<!-- This site is optimized with the Yoast SEO plugin v27.4 - https:\/\/yoast.com\/product\/yoast-seo-wordpress\/ -->\n<title>Recuperar senha - Dra. Ward Suplementa\u00e7\u00e3o Nutricional<\/title>\n<meta name=\"robots\" content=\"index, follow, max-snippet:-1, max-image-preview:large, max-video-preview:-1\" \/>\n<link rel=\"canonical\" href=\"https:\/\/draward.com.br\/index.php\/forgot-password\/\" \/>\n<meta property=\"og:locale\" content=\"pt_BR\" \/>\n<meta property=\"og:type\" content=\"article\" \/>\n<meta property=\"og:title\" content=\"Recuperar senha - Dra. Ward Suplementa\u00e7\u00e3o Nutricional\" \/>\n<meta property=\"og:description\" content=\"Esqueceu a senha? Voc\u00ea j\u00e1 tem uma conta? Fa\u00e7a Login\" \/>\n<meta property=\"og:url\" content=\"https:\/\/draward.com.br\/index.php\/forgot-password\/\" \/>\n<meta property=\"og:site_name\" content=\"Dra. Ward Suplementa\u00e7\u00e3o Nutricional\" \/>\n<meta property=\"article:modified_time\" content=\"2025-01-24T18:50:52+00:00\" \/>\n<meta name=\"twitter:card\" content=\"summary_large_image\" \/>\n<script type=\"application\/ld+json\" class=\"yoast-schema-graph\">{\"@context\":\"https:\\\/\\\/schema.org\",\"@graph\":[{\"@type\":\"WebPage\",\"@id\":\"https:\\\/\\\/draward.com.br\\\/index.php\\\/forgot-password\\\/\",\"url\":\"https:\\\/\\\/draward.com.br\\\/index.php\\\/forgot-password\\\/\",\"name\":\"Recuperar senha - Dra. Ward Suplementa\u00e7\u00e3o Nutricional\",\"isPartOf\":{\"@id\":\"https:\\\/\\\/draward.com.br\\\/#website\"},\"datePublished\":\"2022-05-09T10:19:00+00:00\",\"dateModified\":\"2025-01-24T18:50:52+00:00\",\"breadcrumb\":{\"@id\":\"https:\\\/\\\/draward.com.br\\\/index.php\\\/forgot-password\\\/#breadcrumb\"},\"inLanguage\":\"pt-BR\",\"potentialAction\":[{\"@type\":\"ReadAction\",\"target\":[\"https:\\\/\\\/draward.com.br\\\/index.php\\\/forgot-password\\\/\"]}]},{\"@type\":\"BreadcrumbList\",\"@id\":\"https:\\\/\\\/draward.com.br\\\/index.php\\\/forgot-password\\\/#breadcrumb\",\"itemListElement\":[{\"@type\":\"ListItem\",\"position\":1,\"name\":\"In\u00edcio\",\"item\":\"https:\\\/\\\/draward.com.br\\\/\"},{\"@type\":\"ListItem\",\"position\":2,\"name\":\"Recuperar senha\"}]},{\"@type\":\"WebSite\",\"@id\":\"https:\\\/\\\/draward.com.br\\\/#website\",\"url\":\"https:\\\/\\\/draward.com.br\\\/\",\"name\":\"Dra. Ward Suplementa\u00e7\u00e3o Nutricional\",\"description\":\"Loja Virtual de suplementos nutricionais\",\"publisher\":{\"@id\":\"https:\\\/\\\/draward.com.br\\\/#organization\"},\"potentialAction\":[{\"@type\":\"SearchAction\",\"target\":{\"@type\":\"EntryPoint\",\"urlTemplate\":\"https:\\\/\\\/draward.com.br\\\/?s={search_term_string}\"},\"query-input\":{\"@type\":\"PropertyValueSpecification\",\"valueRequired\":true,\"valueName\":\"search_term_string\"}}],\"inLanguage\":\"pt-BR\"},{\"@type\":\"Organization\",\"@id\":\"https:\\\/\\\/draward.com.br\\\/#organization\",\"name\":\"Dra. Ward Suplementa\u00e7\u00e3o Nutricional\",\"url\":\"https:\\\/\\\/draward.com.br\\\/\",\"logo\":{\"@type\":\"ImageObject\",\"inLanguage\":\"pt-BR\",\"@id\":\"https:\\\/\\\/draward.com.br\\\/#\\\/schema\\\/logo\\\/image\\\/\",\"url\":\"https:\\\/\\\/draward.com.br\\\/wp-content\\\/uploads\\\/2022\\\/05\\\/logo-dra-ward-512w.png\",\"contentUrl\":\"https:\\\/\\\/draward.com.br\\\/wp-content\\\/uploads\\\/2022\\\/05\\\/logo-dra-ward-512w.png\",\"width\":512,\"height\":133,\"caption\":\"Dra. Ward Suplementa\u00e7\u00e3o Nutricional\"},\"image\":{\"@id\":\"https:\\\/\\\/draward.com.br\\\/#\\\/schema\\\/logo\\\/image\\\/\"},\"sameAs\":[\"https:\\\/\\\/www.instagram.com\\\/dra.wardd\\\/\"]}]}<\/script>\n<!-- \/ Yoast SEO plugin. -->","yoast_head_json":{"title":"Recuperar senha - Dra. Ward Suplementa\u00e7\u00e3o Nutricional","robots":{"index":"index","follow":"follow","max-snippet":"max-snippet:-1","max-image-preview":"max-image-preview:large","max-video-preview":"max-video-preview:-1"},"canonical":"https:\/\/draward.com.br\/index.php\/forgot-password\/","og_locale":"pt_BR","og_type":"article","og_title":"Recuperar senha - Dra. Ward Suplementa\u00e7\u00e3o Nutricional","og_description":"Esqueceu a senha? Voc\u00ea j\u00e1 tem uma conta? Fa\u00e7a Login","og_url":"https:\/\/draward.com.br\/index.php\/forgot-password\/","og_site_name":"Dra. Ward Suplementa\u00e7\u00e3o Nutricional","article_modified_time":"2025-01-24T18:50:52+00:00","twitter_card":"summary_large_image","schema":{"@context":"https:\/\/schema.org","@graph":[{"@type":"WebPage","@id":"https:\/\/draward.com.br\/index.php\/forgot-password\/","url":"https:\/\/draward.com.br\/index.php\/forgot-password\/","name":"Recuperar senha - Dra. Ward Suplementa\u00e7\u00e3o Nutricional","isPartOf":{"@id":"https:\/\/draward.com.br\/#website"},"datePublished":"2022-05-09T10:19:00+00:00","dateModified":"2025-01-24T18:50:52+00:00","breadcrumb":{"@id":"https:\/\/draward.com.br\/index.php\/forgot-password\/#breadcrumb"},"inLanguage":"pt-BR","potentialAction":[{"@type":"ReadAction","target":["https:\/\/draward.com.br\/index.php\/forgot-password\/"]}]},{"@type":"BreadcrumbList","@id":"https:\/\/draward.com.br\/index.php\/forgot-password\/#breadcrumb","itemListElement":[{"@type":"ListItem","position":1,"name":"In\u00edcio","item":"https:\/\/draward.com.br\/"},{"@type":"ListItem","position":2,"name":"Recuperar senha"}]},{"@type":"WebSite","@id":"https:\/\/draward.com.br\/#website","url":"https:\/\/draward.com.br\/","name":"Dra. Ward Suplementa\u00e7\u00e3o Nutricional","description":"Loja Virtual de suplementos nutricionais","publisher":{"@id":"https:\/\/draward.com.br\/#organization"},"potentialAction":[{"@type":"SearchAction","target":{"@type":"EntryPoint","urlTemplate":"https:\/\/draward.com.br\/?s={search_term_string}"},"query-input":{"@type":"PropertyValueSpecification","valueRequired":true,"valueName":"search_term_string"}}],"inLanguage":"pt-BR"},{"@type":"Organization","@id":"https:\/\/draward.com.br\/#organization","name":"Dra. Ward Suplementa\u00e7\u00e3o Nutricional","url":"https:\/\/draward.com.br\/","logo":{"@type":"ImageObject","inLanguage":"pt-BR","@id":"https:\/\/draward.com.br\/#\/schema\/logo\/image\/","url":"https:\/\/draward.com.br\/wp-content\/uploads\/2022\/05\/logo-dra-ward-512w.png","contentUrl":"https:\/\/draward.com.br\/wp-content\/uploads\/2022\/05\/logo-dra-ward-512w.png","width":512,"height":133,"caption":"Dra. Ward Suplementa\u00e7\u00e3o Nutricional"},"image":{"@id":"https:\/\/draward.com.br\/#\/schema\/logo\/image\/"},"sameAs":["https:\/\/www.instagram.com\/dra.wardd\/"]}]}},"_links":{"self":[{"href":"https:\/\/draward.com.br\/index.php\/wp-json\/wp\/v2\/pages\/4174","targetHints":{"allow":["GET"]}}],"collection":[{"href":"https:\/\/draward.com.br\/index.php\/wp-json\/wp\/v2\/pages"}],"about":[{"href":"https:\/\/draward.com.br\/index.php\/wp-json\/wp\/v2\/types\/page"}],"author":[{"embeddable":true,"href":"https:\/\/draward.com.br\/index.php\/wp-json\/wp\/v2\/users\/1"}],"replies":[{"embeddable":true,"href":"https:\/\/draward.com.br\/index.php\/wp-json\/wp\/v2\/comments?post=4174"}],"version-history":[{"count":4,"href":"https:\/\/draward.com.br\/index.php\/wp-json\/wp\/v2\/pages\/4174\/revisions"}],"predecessor-version":[{"id":6409,"href":"https:\/\/draward.com.br\/index.php\/wp-json\/wp\/v2\/pages\/4174\/revisions\/6409"}],"wp:attachment":[{"href":"https:\/\/draward.com.br\/index.php\/wp-json\/wp\/v2\/media?parent=4174"}],"curies":[{"name":"wp","href":"https:\/\/api.w.org\/{rel}","templated":true}]}}