{"id":4159,"date":"2022-05-09T10:12:40","date_gmt":"2022-05-09T10:12:40","guid":{"rendered":"https:\/\/july.uxper.co\/fashion01\/sign-in-copy\/"},"modified":"2025-01-24T16:15:51","modified_gmt":"2025-01-24T19:15:51","slug":"sign-up","status":"publish","type":"page","link":"https:\/\/draward.com.br\/index.php\/sign-up\/","title":{"rendered":"Inscreva-se"},"content":{"rendered":"\t\t<div data-elementor-type=\"wp-page\" data-elementor-id=\"4159\" class=\"elementor elementor-4159\" data-elementor-post-type=\"page\">\n\t\t\t\t\t\t<section class=\"elementor-section elementor-top-section elementor-element elementor-element-cdd4f3f elementor-section-stretched elementor-section-boxed elementor-section-gap-beside-yes elementor-section-height-default elementor-section-height-default elementor-section-content-align-center elementor-section-column-vertical-align-stretch\" data-id=\"cdd4f3f\" data-element_type=\"section\" data-e-type=\"section\" data-settings=\"{&quot;stretch_section&quot;:&quot;section-stretched&quot;}\">\n\t\t\t\t\t\t<div class=\"elementor-container elementor-column-gap-extended\">\n\t\t\t\t\t<div class=\"elementor-column elementor-col-100 elementor-top-column elementor-element elementor-element-bbf3bd1\" data-id=\"bbf3bd1\" data-element_type=\"column\" data-e-type=\"column\">\n\t\t\t<div class=\"elementor-widget-wrap elementor-element-populated\">\n\t\t\t\t\t\t<div class=\"elementor-element elementor-element-1b32846 elementor-widget elementor-widget-heading\" data-id=\"1b32846\" data-element_type=\"widget\" data-e-type=\"widget\" data-widget_type=\"heading.default\">\n\t\t\t\t<div class=\"elementor-widget-container\">\n\t\t\t\t\t<h1 class=\"elementor-heading-title elementor-size-default\">Inscreva-se<\/h1>\t\t\t\t<\/div>\n\t\t\t\t<\/div>\n\t\t\t\t<div class=\"elementor-element elementor-element-e6ba691 elementor-widget elementor-widget-text-editor\" data-id=\"e6ba691\" data-element_type=\"widget\" data-e-type=\"widget\" data-widget_type=\"text-editor.default\">\n\t\t\t\t<div class=\"elementor-widget-container\">\n\t\t\t\t\t\t\t\t\t<p class=\"&quot;excerpt&quot;\">J\u00e1 tem uma conta? <a href=\"https:\/\/draward.com.br\/index.php\/sign-in\/\">Acesse aqui<\/a><\/p>\t\t\t\t\t\t\t\t<\/div>\n\t\t\t\t<\/div>\n\t\t\t\t<div class=\"elementor-element elementor-element-7ce21f9 elementor-widget elementor-widget-shortcode\" data-id=\"7ce21f9\" data-element_type=\"widget\" data-e-type=\"widget\" data-widget_type=\"shortcode.default\">\n\t\t\t\t<div class=\"elementor-widget-container\">\n\t\t\t\t\t\t\t<div class=\"elementor-shortcode\">\t\t\t\t<form action=\"#\" id=\"july-register\" class=\"form-account\" method=\"post\">\r\n\t\t\t\t<div class=\"form-group\">\r\n\t\t\t\t\t<label for=\"ip_reg_firstname\" class=\"label-field\">Primeiro nome*<\/label>\r\n\t\t\t\t\t<input type=\"text\" id=\"ip_reg_firstname\" placeholder=\"ex: Kevin\" class=\"form-control input-field\" name=\"reg_firstname\">\r\n\t\t\t\t<\/div>\r\n\t\t\t\t<div class=\"form-group\">\r\n\t\t\t\t\t<label for=\"ip_reg_lastname\" class=\"label-field\">Sobrenome*<\/label>\r\n\t\t\t\t\t<input type=\"text\" id=\"ip_reg_lastname\" placeholder=\"ex: Kay\" class=\"form-control input-field\" name=\"reg_lastname\">\r\n\t\t\t\t<\/div>\r\n\t\t\t\t<div class=\"form-group\">\r\n\t\t\t\t\t<label for=\"ip_reg_email\" class=\"label-field\">Email*<\/label>\r\n\t\t\t\t\t<input type=\"email\" id=\"ip_reg_email\" placeholder=\"ex: kevin@uxper.co\" class=\"form-control input-field\" name=\"reg_email\">\r\n\t\t\t\t<\/div>\r\n\t\t\t\t<div class=\"form-group\">\r\n\t\t\t\t\t<label for=\"ip_reg_password\" class=\"label-field\">Senha*<\/label>\r\n\t\t\t\t\t<div class=\"password-input\"><input type=\"password\" id=\"ip_reg_password\" placeholder=\"********\" class=\"form-control input-field\" name=\"reg_password\"><\/div>\r\n\t\t\t\t<\/div>\r\n\t\t\t\t<div class=\"form-group accept-account\">\r\n\t\t\t\t\t\t\t\t\t\t<label for=\"ip_accept_account\"><input type=\"checkbox\" id=\"ip_accept_account\" class=\"form-control custom-checkbox\" name=\"accept_account\"><span>I agree to the <a href=\"https:\/\/draward.com.br\/index.php\/refund_returns-2\/\" target=\"_Blank\">Terms<\/a> and <a href=\"https:\/\/draward.com.br\/index.php\/politica-de-privacidade\/\" target=\"_Blank\">Privacy Policy<\/a><\/span><\/label>\r\n\t\t\t\t<\/div>\r\n\r\n\t\t\t\t<p class=\"msg\">Sending register info,please wait...<\/p>\r\n\r\n\t\t\t\t<div class=\"form-group\">\r\n\t\t\t\t\t<button type=\"submit\" class=\"gl-button btn button\" value=\"Entrar\">Inscreva-se<\/button>\r\n\t\t\t\t<\/div>\r\n\t\t\t\t<\/form>\r\n\t\t\t<\/div>\n\t\t\t\t\t\t<\/div>\n\t\t\t\t<\/div>\n\t\t\t\t\t<\/div>\n\t\t<\/div>\n\t\t\t\t\t<\/div>\n\t\t<\/section>\n\t\t\t\t<\/div>\n\t\t","protected":false},"excerpt":{"rendered":"<p>Inscreva-se J\u00e1 tem uma conta? Acesse aqui<\/p>\n","protected":false},"author":1,"featured_media":0,"parent":0,"menu_order":0,"comment_status":"closed","ping_status":"closed","template":"","meta":{"inline_featured_image":false,"footnotes":""},"class_list":["post-4159","page","type-page","status-publish","hentry","post-no-thumbnail"],"yoast_head":"<!-- This site is optimized with the Yoast SEO plugin v27.4 - https:\/\/yoast.com\/product\/yoast-seo-wordpress\/ -->\n<title>Inscreva-se - Dra. Ward Suplementa\u00e7\u00e3o Nutricional<\/title>\n<meta name=\"robots\" content=\"index, follow, max-snippet:-1, max-image-preview:large, max-video-preview:-1\" \/>\n<link rel=\"canonical\" href=\"https:\/\/draward.com.br\/index.php\/sign-up\/\" \/>\n<meta property=\"og:locale\" content=\"pt_BR\" \/>\n<meta property=\"og:type\" content=\"article\" \/>\n<meta property=\"og:title\" content=\"Inscreva-se - Dra. Ward Suplementa\u00e7\u00e3o Nutricional\" \/>\n<meta property=\"og:description\" content=\"Inscreva-se J\u00e1 tem uma conta? Acesse aqui\" \/>\n<meta property=\"og:url\" content=\"https:\/\/draward.com.br\/index.php\/sign-up\/\" \/>\n<meta property=\"og:site_name\" content=\"Dra. Ward Suplementa\u00e7\u00e3o Nutricional\" \/>\n<meta property=\"article:modified_time\" content=\"2025-01-24T19:15:51+00:00\" \/>\n<meta name=\"twitter:card\" content=\"summary_large_image\" \/>\n<script type=\"application\/ld+json\" class=\"yoast-schema-graph\">{\"@context\":\"https:\\\/\\\/schema.org\",\"@graph\":[{\"@type\":\"WebPage\",\"@id\":\"https:\\\/\\\/draward.com.br\\\/index.php\\\/sign-up\\\/\",\"url\":\"https:\\\/\\\/draward.com.br\\\/index.php\\\/sign-up\\\/\",\"name\":\"Inscreva-se - Dra. Ward Suplementa\u00e7\u00e3o Nutricional\",\"isPartOf\":{\"@id\":\"https:\\\/\\\/draward.com.br\\\/#website\"},\"datePublished\":\"2022-05-09T10:12:40+00:00\",\"dateModified\":\"2025-01-24T19:15:51+00:00\",\"breadcrumb\":{\"@id\":\"https:\\\/\\\/draward.com.br\\\/index.php\\\/sign-up\\\/#breadcrumb\"},\"inLanguage\":\"pt-BR\",\"potentialAction\":[{\"@type\":\"ReadAction\",\"target\":[\"https:\\\/\\\/draward.com.br\\\/index.php\\\/sign-up\\\/\"]}]},{\"@type\":\"BreadcrumbList\",\"@id\":\"https:\\\/\\\/draward.com.br\\\/index.php\\\/sign-up\\\/#breadcrumb\",\"itemListElement\":[{\"@type\":\"ListItem\",\"position\":1,\"name\":\"In\u00edcio\",\"item\":\"https:\\\/\\\/draward.com.br\\\/\"},{\"@type\":\"ListItem\",\"position\":2,\"name\":\"Inscreva-se\"}]},{\"@type\":\"WebSite\",\"@id\":\"https:\\\/\\\/draward.com.br\\\/#website\",\"url\":\"https:\\\/\\\/draward.com.br\\\/\",\"name\":\"Dra. Ward Suplementa\u00e7\u00e3o Nutricional\",\"description\":\"Loja Virtual de suplementos nutricionais\",\"publisher\":{\"@id\":\"https:\\\/\\\/draward.com.br\\\/#organization\"},\"potentialAction\":[{\"@type\":\"SearchAction\",\"target\":{\"@type\":\"EntryPoint\",\"urlTemplate\":\"https:\\\/\\\/draward.com.br\\\/?s={search_term_string}\"},\"query-input\":{\"@type\":\"PropertyValueSpecification\",\"valueRequired\":true,\"valueName\":\"search_term_string\"}}],\"inLanguage\":\"pt-BR\"},{\"@type\":\"Organization\",\"@id\":\"https:\\\/\\\/draward.com.br\\\/#organization\",\"name\":\"Dra. Ward Suplementa\u00e7\u00e3o Nutricional\",\"url\":\"https:\\\/\\\/draward.com.br\\\/\",\"logo\":{\"@type\":\"ImageObject\",\"inLanguage\":\"pt-BR\",\"@id\":\"https:\\\/\\\/draward.com.br\\\/#\\\/schema\\\/logo\\\/image\\\/\",\"url\":\"https:\\\/\\\/draward.com.br\\\/wp-content\\\/uploads\\\/2022\\\/05\\\/logo-dra-ward-512w.png\",\"contentUrl\":\"https:\\\/\\\/draward.com.br\\\/wp-content\\\/uploads\\\/2022\\\/05\\\/logo-dra-ward-512w.png\",\"width\":512,\"height\":133,\"caption\":\"Dra. Ward Suplementa\u00e7\u00e3o Nutricional\"},\"image\":{\"@id\":\"https:\\\/\\\/draward.com.br\\\/#\\\/schema\\\/logo\\\/image\\\/\"},\"sameAs\":[\"https:\\\/\\\/www.instagram.com\\\/dra.wardd\\\/\"]}]}<\/script>\n<!-- \/ Yoast SEO plugin. -->","yoast_head_json":{"title":"Inscreva-se - Dra. Ward Suplementa\u00e7\u00e3o Nutricional","robots":{"index":"index","follow":"follow","max-snippet":"max-snippet:-1","max-image-preview":"max-image-preview:large","max-video-preview":"max-video-preview:-1"},"canonical":"https:\/\/draward.com.br\/index.php\/sign-up\/","og_locale":"pt_BR","og_type":"article","og_title":"Inscreva-se - Dra. Ward Suplementa\u00e7\u00e3o Nutricional","og_description":"Inscreva-se J\u00e1 tem uma conta? Acesse aqui","og_url":"https:\/\/draward.com.br\/index.php\/sign-up\/","og_site_name":"Dra. Ward Suplementa\u00e7\u00e3o Nutricional","article_modified_time":"2025-01-24T19:15:51+00:00","twitter_card":"summary_large_image","schema":{"@context":"https:\/\/schema.org","@graph":[{"@type":"WebPage","@id":"https:\/\/draward.com.br\/index.php\/sign-up\/","url":"https:\/\/draward.com.br\/index.php\/sign-up\/","name":"Inscreva-se - Dra. Ward Suplementa\u00e7\u00e3o Nutricional","isPartOf":{"@id":"https:\/\/draward.com.br\/#website"},"datePublished":"2022-05-09T10:12:40+00:00","dateModified":"2025-01-24T19:15:51+00:00","breadcrumb":{"@id":"https:\/\/draward.com.br\/index.php\/sign-up\/#breadcrumb"},"inLanguage":"pt-BR","potentialAction":[{"@type":"ReadAction","target":["https:\/\/draward.com.br\/index.php\/sign-up\/"]}]},{"@type":"BreadcrumbList","@id":"https:\/\/draward.com.br\/index.php\/sign-up\/#breadcrumb","itemListElement":[{"@type":"ListItem","position":1,"name":"In\u00edcio","item":"https:\/\/draward.com.br\/"},{"@type":"ListItem","position":2,"name":"Inscreva-se"}]},{"@type":"WebSite","@id":"https:\/\/draward.com.br\/#website","url":"https:\/\/draward.com.br\/","name":"Dra. Ward Suplementa\u00e7\u00e3o Nutricional","description":"Loja Virtual de suplementos nutricionais","publisher":{"@id":"https:\/\/draward.com.br\/#organization"},"potentialAction":[{"@type":"SearchAction","target":{"@type":"EntryPoint","urlTemplate":"https:\/\/draward.com.br\/?s={search_term_string}"},"query-input":{"@type":"PropertyValueSpecification","valueRequired":true,"valueName":"search_term_string"}}],"inLanguage":"pt-BR"},{"@type":"Organization","@id":"https:\/\/draward.com.br\/#organization","name":"Dra. Ward Suplementa\u00e7\u00e3o Nutricional","url":"https:\/\/draward.com.br\/","logo":{"@type":"ImageObject","inLanguage":"pt-BR","@id":"https:\/\/draward.com.br\/#\/schema\/logo\/image\/","url":"https:\/\/draward.com.br\/wp-content\/uploads\/2022\/05\/logo-dra-ward-512w.png","contentUrl":"https:\/\/draward.com.br\/wp-content\/uploads\/2022\/05\/logo-dra-ward-512w.png","width":512,"height":133,"caption":"Dra. Ward Suplementa\u00e7\u00e3o Nutricional"},"image":{"@id":"https:\/\/draward.com.br\/#\/schema\/logo\/image\/"},"sameAs":["https:\/\/www.instagram.com\/dra.wardd\/"]}]}},"_links":{"self":[{"href":"https:\/\/draward.com.br\/index.php\/wp-json\/wp\/v2\/pages\/4159","targetHints":{"allow":["GET"]}}],"collection":[{"href":"https:\/\/draward.com.br\/index.php\/wp-json\/wp\/v2\/pages"}],"about":[{"href":"https:\/\/draward.com.br\/index.php\/wp-json\/wp\/v2\/types\/page"}],"author":[{"embeddable":true,"href":"https:\/\/draward.com.br\/index.php\/wp-json\/wp\/v2\/users\/1"}],"replies":[{"embeddable":true,"href":"https:\/\/draward.com.br\/index.php\/wp-json\/wp\/v2\/comments?post=4159"}],"version-history":[{"count":4,"href":"https:\/\/draward.com.br\/index.php\/wp-json\/wp\/v2\/pages\/4159\/revisions"}],"predecessor-version":[{"id":6418,"href":"https:\/\/draward.com.br\/index.php\/wp-json\/wp\/v2\/pages\/4159\/revisions\/6418"}],"wp:attachment":[{"href":"https:\/\/draward.com.br\/index.php\/wp-json\/wp\/v2\/media?parent=4159"}],"curies":[{"name":"wp","href":"https:\/\/api.w.org\/{rel}","templated":true}]}}