{"id":2919,"date":"2022-04-27T08:45:50","date_gmt":"2022-04-27T08:45:50","guid":{"rendered":"https:\/\/july.uxper.co\/fashion01\/about-us-01-copy\/"},"modified":"2025-03-12T17:37:06","modified_gmt":"2025-03-12T20:37:06","slug":"about-us-02","status":"publish","type":"page","link":"https:\/\/draward.com.br\/index.php\/about-us-02\/","title":{"rendered":"Sobre"},"content":{"rendered":"\t\t<div data-elementor-type=\"wp-page\" data-elementor-id=\"2919\" class=\"elementor elementor-2919\" data-elementor-post-type=\"page\">\n\t\t\t\t\t\t<section class=\"elementor-section elementor-top-section elementor-element elementor-element-a11ab04 elementor-section-height-min-height elementor-section-stretched elementor-section-boxed elementor-section-gap-beside-yes elementor-section-height-default elementor-section-items-middle elementor-section-column-vertical-align-stretch\" data-id=\"a11ab04\" data-element_type=\"section\" data-e-type=\"section\" data-settings=\"{&quot;stretch_section&quot;:&quot;section-stretched&quot;,&quot;background_background&quot;:&quot;classic&quot;}\">\n\t\t\t\t\t\t<div class=\"elementor-container elementor-column-gap-extended\">\n\t\t\t\t\t<div class=\"elementor-column elementor-col-100 elementor-top-column elementor-element elementor-element-421d6c3\" data-id=\"421d6c3\" data-element_type=\"column\" data-e-type=\"column\">\n\t\t\t<div class=\"elementor-widget-wrap elementor-element-populated\">\n\t\t\t\t\t\t<div class=\"elementor-element elementor-element-7b67ed2 elementor-widget__width-initial elementor-widget-mobile__width-initial elementor-invisible elementor-widget elementor-widget-july-heading\" data-id=\"7b67ed2\" data-element_type=\"widget\" data-e-type=\"widget\" data-settings=\"{&quot;_animation&quot;:&quot;julyFadeInUp&quot;}\" data-widget_type=\"july-heading.default\">\n\t\t\t\t<div class=\"elementor-widget-container\">\n\t\t\t\t\t\t\t<div class=\"july-modern-heading\">\r\n\t\t\t\t\t\t<div class=\"heading-secondary-wrap\">\r\n\t\t\t\t<h6 class=\"heading-secondary elementor-heading-title\">Sobre N\u00f3s<\/h6>\t\t\t<\/div>\r\n\t\t\r\n\t\t\t\t\t\t<div class=\"heading-primary-wrap\">\r\n\t\t\t\t<h2 class=\"heading-primary elementor-heading-title\">Desde pequenas, aprendemos que cuidar do outro \u00e9 um ato de amor.<\/h2>\t\t\t<\/div>\r\n\t\t\r\n\t\t\t\r\n\t\t\t\t\t<\/div>\r\n\t\t\t\t\t<\/div>\n\t\t\t\t<\/div>\n\t\t\t\t\t<\/div>\n\t\t<\/div>\n\t\t\t\t\t<\/div>\n\t\t<\/section>\n\t\t\t\t<div class=\"elementor-section elementor-top-section elementor-element elementor-element-8968d95 elementor-section-stretched elementor-section-boxed elementor-section-gap-beside-yes elementor-section-height-default elementor-section-height-default elementor-section-column-vertical-align-stretch\" data-id=\"8968d95\" data-element_type=\"section\" data-e-type=\"section\" data-settings=\"{&quot;stretch_section&quot;:&quot;section-stretched&quot;}\">\n\t\t\t\t\t\t<div class=\"elementor-container elementor-column-gap-extended\">\n\t\t\t\t\t<div class=\"elementor-column elementor-col-100 elementor-top-column elementor-element elementor-element-4db607e\" data-id=\"4db607e\" data-element_type=\"column\" data-e-type=\"column\">\n\t\t\t<div class=\"elementor-widget-wrap elementor-element-populated\">\n\t\t\t\t\t\t<section class=\"elementor-section elementor-inner-section elementor-element elementor-element-3a43bde elementor-section-boxed elementor-section-gap-beside-yes elementor-section-height-default elementor-section-height-default elementor-section-column-vertical-align-stretch\" data-id=\"3a43bde\" data-element_type=\"section\" data-e-type=\"section\">\n\t\t\t\t\t\t<div class=\"elementor-container elementor-column-gap-extended\">\n\t\t\t\t\t<div class=\"elementor-column elementor-col-50 elementor-inner-column elementor-element elementor-element-6a3313a\" data-id=\"6a3313a\" data-element_type=\"column\" data-e-type=\"column\">\n\t\t\t<div class=\"elementor-widget-wrap elementor-element-populated\">\n\t\t\t\t\t\t<div class=\"elementor-element elementor-element-32ab4c7 elementor-invisible elementor-widget elementor-widget-image\" data-id=\"32ab4c7\" data-element_type=\"widget\" data-e-type=\"widget\" data-settings=\"{&quot;_animation&quot;:&quot;julyFadeInLeft&quot;}\" data-widget_type=\"image.default\">\n\t\t\t\t<div class=\"elementor-widget-container\">\n\t\t\t\t\t\t\t\t\t\t\t\t\t\t\t<img fetchpriority=\"high\" decoding=\"async\" width=\"1080\" height=\"1080\" src=\"https:\/\/draward.com.br\/wp-content\/uploads\/2025\/03\/dra-ward-produtos-no-bg-1080x1080-3.png\" class=\"attachment-full size-full wp-image-6673\" alt=\"\" srcset=\"https:\/\/draward.com.br\/wp-content\/uploads\/2025\/03\/dra-ward-produtos-no-bg-1080x1080-3.png 1080w, https:\/\/draward.com.br\/wp-content\/uploads\/2025\/03\/dra-ward-produtos-no-bg-1080x1080-3-300x300.png 300w, https:\/\/draward.com.br\/wp-content\/uploads\/2025\/03\/dra-ward-produtos-no-bg-1080x1080-3-1024x1024.png 1024w, https:\/\/draward.com.br\/wp-content\/uploads\/2025\/03\/dra-ward-produtos-no-bg-1080x1080-3-150x150.png 150w, https:\/\/draward.com.br\/wp-content\/uploads\/2025\/03\/dra-ward-produtos-no-bg-1080x1080-3-768x768.png 768w, https:\/\/draward.com.br\/wp-content\/uploads\/2025\/03\/dra-ward-produtos-no-bg-1080x1080-3-600x600.png 600w, https:\/\/draward.com.br\/wp-content\/uploads\/2025\/03\/dra-ward-produtos-no-bg-1080x1080-3-96x96.png 96w, https:\/\/draward.com.br\/wp-content\/uploads\/2025\/03\/dra-ward-produtos-no-bg-1080x1080-3-460x460.png 460w\" sizes=\"(max-width: 1080px) 100vw, 1080px\" \/>\t\t\t\t\t\t\t\t\t\t\t\t\t\t\t<\/div>\n\t\t\t\t<\/div>\n\t\t\t\t\t<\/div>\n\t\t<\/div>\n\t\t\t\t<div class=\"elementor-column elementor-col-50 elementor-inner-column elementor-element elementor-element-4bc2eb3 elementor-invisible\" data-id=\"4bc2eb3\" data-element_type=\"column\" data-e-type=\"column\" data-settings=\"{&quot;animation&quot;:&quot;julyFadeInRight&quot;}\">\n\t\t\t<div class=\"elementor-widget-wrap elementor-element-populated\">\n\t\t\t\t\t\t<div class=\"elementor-element elementor-element-a7897bc elementor-widget elementor-widget-text-editor\" data-id=\"a7897bc\" data-element_type=\"widget\" data-e-type=\"widget\" data-widget_type=\"text-editor.default\">\n\t\t\t\t<div class=\"elementor-widget-container\">\n\t\t\t\t\t\t\t\t\t<p style=\"text-align: justify;\">Desde pequenas, aprendemos que cuidar do outro \u00e9 um ato de amor. Crescemos em um lar onde sa\u00fade e bem estar sempre foram prioridade, e foi ali que nasceu nossa voca\u00e7\u00e3o. Somos duas irm\u00e3s: uma m\u00e9dica e outra estudante de medicina, unidas por um mesmo prop\u00f3sito \u2013 transformar vidas.<\/p><p style=\"text-align: justify;\">Nossa jornada na medicina nos ensinou algo valioso: muitas doen\u00e7as podem ser evitadas ou controladas com uma nutri\u00e7\u00e3o adequada. Mas tamb\u00e9m vimos de perto a frustra\u00e7\u00e3o de muitos pacientes que buscavam suplementos de qualidade e n\u00e3o encontravam algo confi\u00e1vel, seguro e realmente eficaz. Foi ent\u00e3o que surgiu a Dra. Ward \u2013 n\u00e3o apenas uma marca, mas um compromisso com a ci\u00eancia, a sa\u00fade e o bem-estar.<\/p><p style=\"text-align: justify;\">Cada f\u00f3rmula que desenvolvemos carrega nosso conhecimento, nossa dedica\u00e7\u00e3o e a responsabilidade de quem entende profundamente o funcionamento do corpo humano. Criamos nossos produtos com rigor cient\u00edfico, qualidade inquestion\u00e1vel e o carinho de quem deseja que cada pessoa tenha acesso ao que h\u00e1 de melhor para sua sa\u00fade.<\/p>\t\t\t\t\t\t\t\t<\/div>\n\t\t\t\t<\/div>\n\t\t\t\t\t<\/div>\n\t\t<\/div>\n\t\t\t\t\t<\/div>\n\t\t<\/section>\n\t\t\t\t<section class=\"elementor-section elementor-inner-section elementor-element elementor-element-353f8cd elementor-section-content-middle elementor-section-boxed elementor-section-gap-beside-yes elementor-section-height-default elementor-section-height-default elementor-section-column-vertical-align-stretch\" data-id=\"353f8cd\" data-element_type=\"section\" data-e-type=\"section\">\n\t\t\t\t\t\t<div class=\"elementor-container elementor-column-gap-extended\">\n\t\t\t\t\t<div class=\"elementor-column elementor-col-50 elementor-inner-column elementor-element elementor-element-7639dd7\" data-id=\"7639dd7\" data-element_type=\"column\" data-e-type=\"column\">\n\t\t\t<div class=\"elementor-widget-wrap elementor-element-populated\">\n\t\t\t\t\t\t<div class=\"elementor-element elementor-element-a85f66e elementor-invisible elementor-widget elementor-widget-image\" data-id=\"a85f66e\" data-element_type=\"widget\" data-e-type=\"widget\" data-settings=\"{&quot;_animation&quot;:&quot;julyFadeInLeft&quot;}\" data-widget_type=\"image.default\">\n\t\t\t\t<div class=\"elementor-widget-container\">\n\t\t\t\t\t\t\t\t\t\t\t\t\t\t\t<img decoding=\"async\" width=\"1080\" height=\"1080\" src=\"https:\/\/draward.com.br\/wp-content\/uploads\/2025\/03\/dra-ward-produtos-no-bg-1080x1080-6.png\" class=\"attachment-full size-full wp-image-6676\" alt=\"\" srcset=\"https:\/\/draward.com.br\/wp-content\/uploads\/2025\/03\/dra-ward-produtos-no-bg-1080x1080-6.png 1080w, https:\/\/draward.com.br\/wp-content\/uploads\/2025\/03\/dra-ward-produtos-no-bg-1080x1080-6-300x300.png 300w, https:\/\/draward.com.br\/wp-content\/uploads\/2025\/03\/dra-ward-produtos-no-bg-1080x1080-6-1024x1024.png 1024w, https:\/\/draward.com.br\/wp-content\/uploads\/2025\/03\/dra-ward-produtos-no-bg-1080x1080-6-150x150.png 150w, https:\/\/draward.com.br\/wp-content\/uploads\/2025\/03\/dra-ward-produtos-no-bg-1080x1080-6-768x768.png 768w, https:\/\/draward.com.br\/wp-content\/uploads\/2025\/03\/dra-ward-produtos-no-bg-1080x1080-6-600x600.png 600w, https:\/\/draward.com.br\/wp-content\/uploads\/2025\/03\/dra-ward-produtos-no-bg-1080x1080-6-96x96.png 96w, https:\/\/draward.com.br\/wp-content\/uploads\/2025\/03\/dra-ward-produtos-no-bg-1080x1080-6-460x460.png 460w\" sizes=\"(max-width: 1080px) 100vw, 1080px\" \/>\t\t\t\t\t\t\t\t\t\t\t\t\t\t\t<\/div>\n\t\t\t\t<\/div>\n\t\t\t\t\t<\/div>\n\t\t<\/div>\n\t\t\t\t<div class=\"elementor-column elementor-col-50 elementor-inner-column elementor-element elementor-element-8752ece elementor-invisible\" data-id=\"8752ece\" data-element_type=\"column\" data-e-type=\"column\" data-settings=\"{&quot;animation&quot;:&quot;julyFadeInRight&quot;}\">\n\t\t\t<div class=\"elementor-widget-wrap elementor-element-populated\">\n\t\t\t\t\t\t<div class=\"elementor-element elementor-element-2ba89c6 elementor-widget elementor-widget-july-social-networks\" data-id=\"2ba89c6\" data-element_type=\"widget\" data-e-type=\"widget\" data-widget_type=\"july-social-networks.default\">\n\t\t\t\t<div class=\"elementor-widget-container\">\n\t\t\t\t\t\t\t<div class=\"july-social-networks style-icons layout-inline\">\r\n\t\t\t<ul class=\"list\">\t\t\t\t<li class=\"item elementor-repeater-item-c1777c6\">\r\n\t\t\t\t\t<a class=\"link\" aria-label=\"Facebook\" href=\"#\" target=\"_blank\" rel=\"nofollow\">\r\n\t\t\t\t\t\t<svg class=\"link-icon e-font-icon-svg e-fab-facebook-f\" viewBox=\"0 0 320 512\" xmlns=\"http:\/\/www.w3.org\/2000\/svg\"><path d=\"M279.14 288l14.22-92.66h-88.91v-60.13c0-25.35 12.42-50.06 52.24-50.06h40.42V6.26S260.43 0 225.36 0c-73.22 0-121.08 44.38-121.08 124.72v70.62H22.89V288h81.39v224h100.17V288z\"><\/path><\/svg>\t\t\t\t\t<\/a>\r\n\t\t\t\t<\/li>\r\n\t\t\t\t\t\t\t\t<li class=\"item elementor-repeater-item-e6bc5cc\">\r\n\t\t\t\t\t<a class=\"link\" aria-label=\"Instagrams\" href=\"#\" target=\"_blank\" rel=\"nofollow\">\r\n\t\t\t\t\t\t<svg class=\"link-icon e-font-icon-svg e-fab-instagram\" viewBox=\"0 0 448 512\" xmlns=\"http:\/\/www.w3.org\/2000\/svg\"><path d=\"M224.1 141c-63.6 0-114.9 51.3-114.9 114.9s51.3 114.9 114.9 114.9S339 319.5 339 255.9 287.7 141 224.1 141zm0 189.6c-41.1 0-74.7-33.5-74.7-74.7s33.5-74.7 74.7-74.7 74.7 33.5 74.7 74.7-33.6 74.7-74.7 74.7zm146.4-194.3c0 14.9-12 26.8-26.8 26.8-14.9 0-26.8-12-26.8-26.8s12-26.8 26.8-26.8 26.8 12 26.8 26.8zm76.1 27.2c-1.7-35.9-9.9-67.7-36.2-93.9-26.2-26.2-58-34.4-93.9-36.2-37-2.1-147.9-2.1-184.9 0-35.8 1.7-67.6 9.9-93.9 36.1s-34.4 58-36.2 93.9c-2.1 37-2.1 147.9 0 184.9 1.7 35.9 9.9 67.7 36.2 93.9s58 34.4 93.9 36.2c37 2.1 147.9 2.1 184.9 0 35.9-1.7 67.7-9.9 93.9-36.2 26.2-26.2 34.4-58 36.2-93.9 2.1-37 2.1-147.8 0-184.8zM398.8 388c-7.8 19.6-22.9 34.7-42.6 42.6-29.5 11.7-99.5 9-132.1 9s-102.7 2.6-132.1-9c-19.6-7.8-34.7-22.9-42.6-42.6-11.7-29.5-9-99.5-9-132.1s-2.6-102.7 9-132.1c7.8-19.6 22.9-34.7 42.6-42.6 29.5-11.7 99.5-9 132.1-9s102.7-2.6 132.1 9c19.6 7.8 34.7 22.9 42.6 42.6 11.7 29.5 9 99.5 9 132.1s2.7 102.7-9 132.1z\"><\/path><\/svg>\t\t\t\t\t<\/a>\r\n\t\t\t\t<\/li>\r\n\t\t\t\t<\/ul>\t\t<\/div>\r\n\t\t\t\t\t\t<\/div>\n\t\t\t\t<\/div>\n\t\t\t\t<div class=\"elementor-element elementor-element-7f92927 elementor-widget elementor-widget-text-editor\" data-id=\"7f92927\" data-element_type=\"widget\" data-e-type=\"widget\" data-widget_type=\"text-editor.default\">\n\t\t\t\t<div class=\"elementor-widget-container\">\n\t\t\t\t\t\t\t\t\t<p style=\"text-align: justify;\">Mais do que empreendedoras, somos sonhadoras. Acreditamos que a medicina n\u00e3o deve ser apenas curativa, mas tamb\u00e9m preventiva. Acreditamos que cada gummy, cada c\u00e1psula, cada dose, pode ser um passo para uma vida mais equilibrada e saud\u00e1vel. E acima de tudo, acreditamos que a confian\u00e7a se constr\u00f3i com compromisso e verdade.<\/p>\n\n<p style=\"text-align: justify;\">A Dra. Ward nasceu do amor pela ci\u00eancia e pelo ser humano. E \u00e9 com esse mesmo amor que seguimos transformando o cuidado com a sa\u00fade em uma experi\u00eancia acess\u00edvel, inovadora e essencial para todos.<\/p>\n\n<p style=\"text-align: justify;\">Seja bem-vindo \u00e0 nossa hist\u00f3ria. Seja bem-vindo \u00e0 Dra. Ward.<\/p>\t\t\t\t\t\t\t\t<\/div>\n\t\t\t\t<\/div>\n\t\t\t\t\t<\/div>\n\t\t<\/div>\n\t\t\t\t\t<\/div>\n\t\t<\/section>\n\t\t\t\t\t<\/div>\n\t\t<\/div>\n\t\t\t\t\t<\/div>\n\t\t<\/div>\n\t\t\t\t<\/div>\n\t\t","protected":false},"excerpt":{"rendered":"<p>Sobre N\u00f3s Desde pequenas, aprendemos que cuidar do outro \u00e9 um ato de amor. Desde pequenas, aprendemos que cuidar do outro \u00e9 um ato de amor. Crescemos em um lar onde sa\u00fade e bem estar sempre foram prioridade, e foi ali que nasceu nossa voca\u00e7\u00e3o. Somos duas irm\u00e3s: uma m\u00e9dica e outra estudante de medicina, [&hellip;]<\/p>\n","protected":false},"author":1,"featured_media":0,"parent":0,"menu_order":0,"comment_status":"closed","ping_status":"closed","template":"","meta":{"inline_featured_image":false,"footnotes":""},"class_list":["post-2919","page","type-page","status-publish","hentry","post-no-thumbnail"],"yoast_head":"<!-- This site is optimized with the Yoast SEO plugin v27.4 - https:\/\/yoast.com\/product\/yoast-seo-wordpress\/ -->\n<title>Sobre - Dra. Ward Suplementa\u00e7\u00e3o Nutricional<\/title>\n<meta name=\"robots\" content=\"index, follow, max-snippet:-1, max-image-preview:large, max-video-preview:-1\" \/>\n<link rel=\"canonical\" href=\"https:\/\/draward.com.br\/index.php\/about-us-02\/\" \/>\n<meta property=\"og:locale\" content=\"pt_BR\" \/>\n<meta property=\"og:type\" content=\"article\" \/>\n<meta property=\"og:title\" content=\"Sobre - Dra. Ward Suplementa\u00e7\u00e3o Nutricional\" \/>\n<meta property=\"og:description\" content=\"Sobre N\u00f3s Desde pequenas, aprendemos que cuidar do outro \u00e9 um ato de amor. Desde pequenas, aprendemos que cuidar do outro \u00e9 um ato de amor. Crescemos em um lar onde sa\u00fade e bem estar sempre foram prioridade, e foi ali que nasceu nossa voca\u00e7\u00e3o. Somos duas irm\u00e3s: uma m\u00e9dica e outra estudante de medicina, [&hellip;]\" \/>\n<meta property=\"og:url\" content=\"https:\/\/draward.com.br\/index.php\/about-us-02\/\" \/>\n<meta property=\"og:site_name\" content=\"Dra. Ward Suplementa\u00e7\u00e3o Nutricional\" \/>\n<meta property=\"article:modified_time\" content=\"2025-03-12T20:37:06+00:00\" \/>\n<meta property=\"og:image\" content=\"https:\/\/draward.com.br\/wp-content\/uploads\/2025\/03\/dra-ward-produtos-no-bg-1080x1080-3.png\" \/>\n\t<meta property=\"og:image:width\" content=\"1080\" \/>\n\t<meta property=\"og:image:height\" content=\"1080\" \/>\n\t<meta property=\"og:image:type\" content=\"image\/png\" \/>\n<meta name=\"twitter:card\" content=\"summary_large_image\" \/>\n<meta name=\"twitter:label1\" content=\"Est. tempo de leitura\" \/>\n\t<meta name=\"twitter:data1\" content=\"2 minutos\" \/>\n<script type=\"application\/ld+json\" class=\"yoast-schema-graph\">{\"@context\":\"https:\\\/\\\/schema.org\",\"@graph\":[{\"@type\":\"WebPage\",\"@id\":\"https:\\\/\\\/draward.com.br\\\/index.php\\\/about-us-02\\\/\",\"url\":\"https:\\\/\\\/draward.com.br\\\/index.php\\\/about-us-02\\\/\",\"name\":\"Sobre - Dra. Ward Suplementa\u00e7\u00e3o Nutricional\",\"isPartOf\":{\"@id\":\"https:\\\/\\\/draward.com.br\\\/#website\"},\"primaryImageOfPage\":{\"@id\":\"https:\\\/\\\/draward.com.br\\\/index.php\\\/about-us-02\\\/#primaryimage\"},\"image\":{\"@id\":\"https:\\\/\\\/draward.com.br\\\/index.php\\\/about-us-02\\\/#primaryimage\"},\"thumbnailUrl\":\"https:\\\/\\\/draward.com.br\\\/wp-content\\\/uploads\\\/2025\\\/03\\\/dra-ward-produtos-no-bg-1080x1080-3.png\",\"datePublished\":\"2022-04-27T08:45:50+00:00\",\"dateModified\":\"2025-03-12T20:37:06+00:00\",\"breadcrumb\":{\"@id\":\"https:\\\/\\\/draward.com.br\\\/index.php\\\/about-us-02\\\/#breadcrumb\"},\"inLanguage\":\"pt-BR\",\"potentialAction\":[{\"@type\":\"ReadAction\",\"target\":[\"https:\\\/\\\/draward.com.br\\\/index.php\\\/about-us-02\\\/\"]}]},{\"@type\":\"ImageObject\",\"inLanguage\":\"pt-BR\",\"@id\":\"https:\\\/\\\/draward.com.br\\\/index.php\\\/about-us-02\\\/#primaryimage\",\"url\":\"https:\\\/\\\/draward.com.br\\\/wp-content\\\/uploads\\\/2025\\\/03\\\/dra-ward-produtos-no-bg-1080x1080-3.png\",\"contentUrl\":\"https:\\\/\\\/draward.com.br\\\/wp-content\\\/uploads\\\/2025\\\/03\\\/dra-ward-produtos-no-bg-1080x1080-3.png\",\"width\":1080,\"height\":1080},{\"@type\":\"BreadcrumbList\",\"@id\":\"https:\\\/\\\/draward.com.br\\\/index.php\\\/about-us-02\\\/#breadcrumb\",\"itemListElement\":[{\"@type\":\"ListItem\",\"position\":1,\"name\":\"In\u00edcio\",\"item\":\"https:\\\/\\\/draward.com.br\\\/\"},{\"@type\":\"ListItem\",\"position\":2,\"name\":\"Sobre\"}]},{\"@type\":\"WebSite\",\"@id\":\"https:\\\/\\\/draward.com.br\\\/#website\",\"url\":\"https:\\\/\\\/draward.com.br\\\/\",\"name\":\"Dra. Ward Suplementa\u00e7\u00e3o Nutricional\",\"description\":\"Loja Virtual de suplementos nutricionais\",\"publisher\":{\"@id\":\"https:\\\/\\\/draward.com.br\\\/#organization\"},\"potentialAction\":[{\"@type\":\"SearchAction\",\"target\":{\"@type\":\"EntryPoint\",\"urlTemplate\":\"https:\\\/\\\/draward.com.br\\\/?s={search_term_string}\"},\"query-input\":{\"@type\":\"PropertyValueSpecification\",\"valueRequired\":true,\"valueName\":\"search_term_string\"}}],\"inLanguage\":\"pt-BR\"},{\"@type\":\"Organization\",\"@id\":\"https:\\\/\\\/draward.com.br\\\/#organization\",\"name\":\"Dra. Ward Suplementa\u00e7\u00e3o Nutricional\",\"url\":\"https:\\\/\\\/draward.com.br\\\/\",\"logo\":{\"@type\":\"ImageObject\",\"inLanguage\":\"pt-BR\",\"@id\":\"https:\\\/\\\/draward.com.br\\\/#\\\/schema\\\/logo\\\/image\\\/\",\"url\":\"https:\\\/\\\/draward.com.br\\\/wp-content\\\/uploads\\\/2022\\\/05\\\/logo-dra-ward-512w.png\",\"contentUrl\":\"https:\\\/\\\/draward.com.br\\\/wp-content\\\/uploads\\\/2022\\\/05\\\/logo-dra-ward-512w.png\",\"width\":512,\"height\":133,\"caption\":\"Dra. Ward Suplementa\u00e7\u00e3o Nutricional\"},\"image\":{\"@id\":\"https:\\\/\\\/draward.com.br\\\/#\\\/schema\\\/logo\\\/image\\\/\"},\"sameAs\":[\"https:\\\/\\\/www.instagram.com\\\/dra.wardd\\\/\"]}]}<\/script>\n<!-- \/ Yoast SEO plugin. -->","yoast_head_json":{"title":"Sobre - Dra. Ward Suplementa\u00e7\u00e3o Nutricional","robots":{"index":"index","follow":"follow","max-snippet":"max-snippet:-1","max-image-preview":"max-image-preview:large","max-video-preview":"max-video-preview:-1"},"canonical":"https:\/\/draward.com.br\/index.php\/about-us-02\/","og_locale":"pt_BR","og_type":"article","og_title":"Sobre - Dra. Ward Suplementa\u00e7\u00e3o Nutricional","og_description":"Sobre N\u00f3s Desde pequenas, aprendemos que cuidar do outro \u00e9 um ato de amor. Desde pequenas, aprendemos que cuidar do outro \u00e9 um ato de amor. Crescemos em um lar onde sa\u00fade e bem estar sempre foram prioridade, e foi ali que nasceu nossa voca\u00e7\u00e3o. Somos duas irm\u00e3s: uma m\u00e9dica e outra estudante de medicina, [&hellip;]","og_url":"https:\/\/draward.com.br\/index.php\/about-us-02\/","og_site_name":"Dra. Ward Suplementa\u00e7\u00e3o Nutricional","article_modified_time":"2025-03-12T20:37:06+00:00","og_image":[{"width":1080,"height":1080,"url":"https:\/\/draward.com.br\/wp-content\/uploads\/2025\/03\/dra-ward-produtos-no-bg-1080x1080-3.png","type":"image\/png"}],"twitter_card":"summary_large_image","twitter_misc":{"Est. tempo de leitura":"2 minutos"},"schema":{"@context":"https:\/\/schema.org","@graph":[{"@type":"WebPage","@id":"https:\/\/draward.com.br\/index.php\/about-us-02\/","url":"https:\/\/draward.com.br\/index.php\/about-us-02\/","name":"Sobre - Dra. Ward Suplementa\u00e7\u00e3o Nutricional","isPartOf":{"@id":"https:\/\/draward.com.br\/#website"},"primaryImageOfPage":{"@id":"https:\/\/draward.com.br\/index.php\/about-us-02\/#primaryimage"},"image":{"@id":"https:\/\/draward.com.br\/index.php\/about-us-02\/#primaryimage"},"thumbnailUrl":"https:\/\/draward.com.br\/wp-content\/uploads\/2025\/03\/dra-ward-produtos-no-bg-1080x1080-3.png","datePublished":"2022-04-27T08:45:50+00:00","dateModified":"2025-03-12T20:37:06+00:00","breadcrumb":{"@id":"https:\/\/draward.com.br\/index.php\/about-us-02\/#breadcrumb"},"inLanguage":"pt-BR","potentialAction":[{"@type":"ReadAction","target":["https:\/\/draward.com.br\/index.php\/about-us-02\/"]}]},{"@type":"ImageObject","inLanguage":"pt-BR","@id":"https:\/\/draward.com.br\/index.php\/about-us-02\/#primaryimage","url":"https:\/\/draward.com.br\/wp-content\/uploads\/2025\/03\/dra-ward-produtos-no-bg-1080x1080-3.png","contentUrl":"https:\/\/draward.com.br\/wp-content\/uploads\/2025\/03\/dra-ward-produtos-no-bg-1080x1080-3.png","width":1080,"height":1080},{"@type":"BreadcrumbList","@id":"https:\/\/draward.com.br\/index.php\/about-us-02\/#breadcrumb","itemListElement":[{"@type":"ListItem","position":1,"name":"In\u00edcio","item":"https:\/\/draward.com.br\/"},{"@type":"ListItem","position":2,"name":"Sobre"}]},{"@type":"WebSite","@id":"https:\/\/draward.com.br\/#website","url":"https:\/\/draward.com.br\/","name":"Dra. Ward Suplementa\u00e7\u00e3o Nutricional","description":"Loja Virtual de suplementos nutricionais","publisher":{"@id":"https:\/\/draward.com.br\/#organization"},"potentialAction":[{"@type":"SearchAction","target":{"@type":"EntryPoint","urlTemplate":"https:\/\/draward.com.br\/?s={search_term_string}"},"query-input":{"@type":"PropertyValueSpecification","valueRequired":true,"valueName":"search_term_string"}}],"inLanguage":"pt-BR"},{"@type":"Organization","@id":"https:\/\/draward.com.br\/#organization","name":"Dra. Ward Suplementa\u00e7\u00e3o Nutricional","url":"https:\/\/draward.com.br\/","logo":{"@type":"ImageObject","inLanguage":"pt-BR","@id":"https:\/\/draward.com.br\/#\/schema\/logo\/image\/","url":"https:\/\/draward.com.br\/wp-content\/uploads\/2022\/05\/logo-dra-ward-512w.png","contentUrl":"https:\/\/draward.com.br\/wp-content\/uploads\/2022\/05\/logo-dra-ward-512w.png","width":512,"height":133,"caption":"Dra. Ward Suplementa\u00e7\u00e3o Nutricional"},"image":{"@id":"https:\/\/draward.com.br\/#\/schema\/logo\/image\/"},"sameAs":["https:\/\/www.instagram.com\/dra.wardd\/"]}]}},"_links":{"self":[{"href":"https:\/\/draward.com.br\/index.php\/wp-json\/wp\/v2\/pages\/2919","targetHints":{"allow":["GET"]}}],"collection":[{"href":"https:\/\/draward.com.br\/index.php\/wp-json\/wp\/v2\/pages"}],"about":[{"href":"https:\/\/draward.com.br\/index.php\/wp-json\/wp\/v2\/types\/page"}],"author":[{"embeddable":true,"href":"https:\/\/draward.com.br\/index.php\/wp-json\/wp\/v2\/users\/1"}],"replies":[{"embeddable":true,"href":"https:\/\/draward.com.br\/index.php\/wp-json\/wp\/v2\/comments?post=2919"}],"version-history":[{"count":20,"href":"https:\/\/draward.com.br\/index.php\/wp-json\/wp\/v2\/pages\/2919\/revisions"}],"predecessor-version":[{"id":6834,"href":"https:\/\/draward.com.br\/index.php\/wp-json\/wp\/v2\/pages\/2919\/revisions\/6834"}],"wp:attachment":[{"href":"https:\/\/draward.com.br\/index.php\/wp-json\/wp\/v2\/media?parent=2919"}],"curies":[{"name":"wp","href":"https:\/\/api.w.org\/{rel}","templated":true}]}}